{"id":2267,"date":"2024-10-31T19:35:46","date_gmt":"2024-10-31T19:35:46","guid":{"rendered":"https:\/\/www.zmtrucks.us\/?page_id=2267"},"modified":"2025-03-04T15:26:56","modified_gmt":"2025-03-04T15:26:56","slug":"nube-zm","status":"publish","type":"page","link":"https:\/\/www.zmtrucks.us\/es\/servicios\/nube-zm\/","title":{"rendered":"Nube ZM"},"content":{"rendered":"<div data-elementor-type=\"wp-page\" data-elementor-id=\"2267\" class=\"elementor elementor-2267\" data-elementor-post-type=\"page\">\n\t\t\t\t\t\t<section class=\"elementor-section elementor-top-section elementor-element elementor-element-a6f72ed elementor-menu-anchor elementor-section-boxed elementor-section-height-default elementor-section-height-default\" data-id=\"a6f72ed\" data-element_type=\"section\" data-settings=\"{&quot;jet_parallax_layout_list&quot;:[],&quot;background_background&quot;:&quot;classic&quot;}\">\n\t\t\t\t\t\t\t<div class=\"elementor-background-overlay\"><\/div>\n\t\t\t\t\t\t\t<div class=\"elementor-container elementor-column-gap-default\">\n\t\t\t\t\t<div class=\"elementor-column elementor-col-100 elementor-top-column elementor-element elementor-element-9aac940\" data-id=\"9aac940\" data-element_type=\"column\">\n\t\t\t<div class=\"elementor-widget-wrap elementor-element-populated\">\n\t\t\t\t\t\t<section class=\"elementor-section elementor-inner-section elementor-element elementor-element-1acad99 elementor-section-boxed elementor-section-height-default elementor-section-height-default\" data-id=\"1acad99\" data-element_type=\"section\" data-settings=\"{&quot;jet_parallax_layout_list&quot;:[]}\">\n\t\t\t\t\t\t\t<div class=\"elementor-background-overlay\"><\/div>\n\t\t\t\t\t\t\t<div class=\"elementor-container elementor-column-gap-default\">\n\t\t\t\t\t<div class=\"elementor-column elementor-col-100 elementor-inner-column elementor-element elementor-element-5dcd839\" data-id=\"5dcd839\" data-element_type=\"column\">\n\t\t\t<div class=\"elementor-widget-wrap elementor-element-populated\">\n\t\t\t\t\t\t<div class=\"elementor-element elementor-element-a25b42f elementor-widget elementor-widget-image\" data-id=\"a25b42f\" data-element_type=\"widget\" data-widget_type=\"image.default\">\n\t\t\t\t<div class=\"elementor-widget-container\">\n\t\t\t\t\t\t\t\t\t\t\t\t\t\t\t\t<a href=\"\/es\/servicios\/nube-zm\/\">\n\t\t\t\t\t\t\t<img decoding=\"async\" width=\"271\" height=\"50\" src=\"https:\/\/www.zmtrucks.us\/wp-content\/uploads\/2025\/03\/zm-trucks-services-cloud.svg\" class=\"attachment-large size-large wp-image-2490\" alt=\"\" \/>\t\t\t\t\t\t\t\t<\/a>\n\t\t\t\t\t\t\t\t\t\t\t\t\t\t\t<\/div>\n\t\t\t\t<\/div>\n\t\t\t\t<div class=\"elementor-element elementor-element-64fced2 elementor-widget elementor-widget-text-editor\" data-id=\"64fced2\" data-element_type=\"widget\" data-widget_type=\"text-editor.default\">\n\t\t\t\t<div class=\"elementor-widget-container\">\n\t\t\t\t\t\t\t\t\t<p>Cabina inteligente, gesti\u00f3n de flotas,<br \/>y servicios conectados<\/p>\t\t\t\t\t\t\t\t<\/div>\n\t\t\t\t<\/div>\n\t\t\t\t\t<\/div>\n\t\t<\/div>\n\t\t\t\t\t<\/div>\n\t\t<\/section>\n\t\t\t\t<div class=\"elementor-element elementor-element-5888cd5 elementor-widget elementor-widget-image\" data-id=\"5888cd5\" data-element_type=\"widget\" data-widget_type=\"image.default\">\n\t\t\t\t<div class=\"elementor-widget-container\">\n\t\t\t\t\t\t\t\t\t\t\t\t\t\t\t<img fetchpriority=\"high\" decoding=\"async\" width=\"800\" height=\"547\" src=\"https:\/\/www.zmtrucks.us\/wp-content\/uploads\/2024\/11\/geotab-end-to-end-solution-graphic.png\" class=\"attachment-full size-full wp-image-2399\" alt=\"\" srcset=\"https:\/\/www.zmtrucks.us\/wp-content\/uploads\/2024\/11\/geotab-end-to-end-solution-graphic.png 800w, https:\/\/www.zmtrucks.us\/wp-content\/uploads\/2024\/11\/geotab-end-to-end-solution-graphic-600x410.png 600w, https:\/\/www.zmtrucks.us\/wp-content\/uploads\/2024\/11\/geotab-end-to-end-solution-graphic-768x525.png 768w, https:\/\/www.zmtrucks.us\/wp-content\/uploads\/2024\/11\/geotab-end-to-end-solution-graphic-18x12.png 18w\" sizes=\"(max-width: 800px) 100vw, 800px\" \/>\t\t\t\t\t\t\t\t\t\t\t\t\t\t\t<\/div>\n\t\t\t\t<\/div>\n\t\t\t\t\t<\/div>\n\t\t<\/div>\n\t\t\t\t\t<\/div>\n\t\t<\/section>\n\t\t\t\t<section class=\"elementor-section elementor-top-section elementor-element elementor-element-c30a359 elementor-menu-anchor elementor-section-boxed elementor-section-height-default elementor-section-height-default\" data-id=\"c30a359\" data-element_type=\"section\" data-settings=\"{&quot;jet_parallax_layout_list&quot;:[],&quot;background_background&quot;:&quot;classic&quot;}\">\n\t\t\t\t\t\t<div class=\"elementor-container elementor-column-gap-default\">\n\t\t\t\t\t<div class=\"elementor-column elementor-col-50 elementor-top-column elementor-element elementor-element-74da44f\" data-id=\"74da44f\" data-element_type=\"column\">\n\t\t\t<div class=\"elementor-widget-wrap elementor-element-populated\">\n\t\t\t\t\t\t<div class=\"elementor-element elementor-element-10c7d34 elementor-widget elementor-widget-heading\" data-id=\"10c7d34\" data-element_type=\"widget\" data-widget_type=\"heading.default\">\n\t\t\t\t<div class=\"elementor-widget-container\">\n\t\t\t\t\t<h2 class=\"elementor-heading-title elementor-size-default\">CAPTURA DE DATOS<\/h2>\t\t\t\t<\/div>\n\t\t\t\t<\/div>\n\t\t\t\t<div class=\"elementor-element elementor-element-fec1733 elementor-widget__width-initial elementor-widget elementor-widget-spacer\" data-id=\"fec1733\" data-element_type=\"widget\" data-widget_type=\"spacer.default\">\n\t\t\t\t<div class=\"elementor-widget-container\">\n\t\t\t\t\t\t\t<div class=\"elementor-spacer\">\n\t\t\t<div class=\"elementor-spacer-inner\"><\/div>\n\t\t<\/div>\n\t\t\t\t\t\t<\/div>\n\t\t\t\t<\/div>\n\t\t\t\t<div class=\"elementor-element elementor-element-3a6907a elementor-widget elementor-widget-heading\" data-id=\"3a6907a\" data-element_type=\"widget\" data-widget_type=\"heading.default\">\n\t\t\t\t<div class=\"elementor-widget-container\">\n\t\t\t\t\t<h3 class=\"elementor-heading-title elementor-size-default\">Conectividad del veh\u00edculo<\/h3>\t\t\t\t<\/div>\n\t\t\t\t<\/div>\n\t\t\t\t<div class=\"elementor-element elementor-element-98fb106 elementor-widget__width-initial elementor-widget-tablet__width-inherit elementor-widget elementor-widget-text-editor\" data-id=\"98fb106\" data-element_type=\"widget\" data-widget_type=\"text-editor.default\">\n\t\t\t\t<div class=\"elementor-widget-container\">\n\t\t\t\t\t\t\t\t\t<p>ZM Trucks proporciona conectividad avanzada de veh\u00edculos, lo que le permite monitorear el rendimiento de la flota, optimizar rutas y simplificar el cumplimiento de los requisitos de seguridad estatal y de informes de incentivos.<\/p>\t\t\t\t\t\t\t\t<\/div>\n\t\t\t\t<\/div>\n\t\t\t\t\t<\/div>\n\t\t<\/div>\n\t\t\t\t<div class=\"elementor-column elementor-col-50 elementor-top-column elementor-element elementor-element-1088b07\" data-id=\"1088b07\" data-element_type=\"column\" data-settings=\"{&quot;background_background&quot;:&quot;classic&quot;}\">\n\t\t\t<div class=\"elementor-widget-wrap elementor-element-populated\">\n\t\t\t\t\t<div class=\"elementor-background-overlay\"><\/div>\n\t\t\t\t\t\t<div class=\"elementor-element elementor-element-1da4243 elementor-widget elementor-widget-image\" data-id=\"1da4243\" data-element_type=\"widget\" data-widget_type=\"image.default\">\n\t\t\t\t<div class=\"elementor-widget-container\">\n\t\t\t\t\t\t\t\t\t\t\t\t\t\t\t<img decoding=\"async\" width=\"768\" height=\"415\" src=\"https:\/\/www.zmtrucks.us\/wp-content\/uploads\/2024\/11\/mygeotab-dashboard-end-to-end-solution-ui-smart-mockup-1-2022-en-na-inline@2x-768x415.png\" class=\"attachment-medium_large size-medium_large wp-image-2398\" alt=\"\" srcset=\"https:\/\/www.zmtrucks.us\/wp-content\/uploads\/2024\/11\/mygeotab-dashboard-end-to-end-solution-ui-smart-mockup-1-2022-en-na-inline@2x-768x415.png 768w, https:\/\/www.zmtrucks.us\/wp-content\/uploads\/2024\/11\/mygeotab-dashboard-end-to-end-solution-ui-smart-mockup-1-2022-en-na-inline@2x-600x324.png 600w, https:\/\/www.zmtrucks.us\/wp-content\/uploads\/2024\/11\/mygeotab-dashboard-end-to-end-solution-ui-smart-mockup-1-2022-en-na-inline@2x-1200x648.png 1200w, https:\/\/www.zmtrucks.us\/wp-content\/uploads\/2024\/11\/mygeotab-dashboard-end-to-end-solution-ui-smart-mockup-1-2022-en-na-inline@2x.png 1496w, https:\/\/www.zmtrucks.us\/wp-content\/uploads\/2024\/11\/mygeotab-dashboard-end-to-end-solution-ui-smart-mockup-1-2022-en-na-inline@2x-18x10.png 18w\" sizes=\"(max-width: 768px) 100vw, 768px\" \/>\t\t\t\t\t\t\t\t\t\t\t\t\t\t\t<\/div>\n\t\t\t\t<\/div>\n\t\t\t\t\t<\/div>\n\t\t<\/div>\n\t\t\t\t\t<\/div>\n\t\t<\/section>\n\t\t\t\t<section class=\"elementor-section elementor-top-section elementor-element elementor-element-ddfd29e elementor-section-boxed elementor-section-height-default elementor-section-height-default\" data-id=\"ddfd29e\" data-element_type=\"section\" data-settings=\"{&quot;jet_parallax_layout_list&quot;:[],&quot;background_background&quot;:&quot;classic&quot;}\">\n\t\t\t\t\t\t<div class=\"elementor-container elementor-column-gap-default\">\n\t\t\t\t\t<div class=\"elementor-column elementor-col-50 elementor-top-column elementor-element elementor-element-ac5af3d\" data-id=\"ac5af3d\" data-element_type=\"column\">\n\t\t\t<div class=\"elementor-widget-wrap elementor-element-populated\">\n\t\t\t\t\t\t<div class=\"elementor-element elementor-element-f88bde1 elementor-widget elementor-widget-image\" data-id=\"f88bde1\" data-element_type=\"widget\" data-widget_type=\"image.default\">\n\t\t\t\t<div class=\"elementor-widget-container\">\n\t\t\t\t\t\t\t\t\t\t\t\t\t\t\t<img loading=\"lazy\" decoding=\"async\" width=\"640\" height=\"640\" src=\"https:\/\/www.zmtrucks.us\/wp-content\/uploads\/2025\/02\/adobestock-938041046-1200x800-640x640.jpg\" class=\"attachment-kava-thumb-justify size-kava-thumb-justify wp-image-2480\" alt=\"\" srcset=\"https:\/\/www.zmtrucks.us\/wp-content\/uploads\/2025\/02\/adobestock-938041046-1200x800-640x640.jpg 640w, https:\/\/www.zmtrucks.us\/wp-content\/uploads\/2025\/02\/adobestock-938041046-1200x800-240x240.jpg 240w, https:\/\/www.zmtrucks.us\/wp-content\/uploads\/2025\/02\/adobestock-938041046-1200x800-230x230.jpg 230w, https:\/\/www.zmtrucks.us\/wp-content\/uploads\/2025\/02\/adobestock-938041046-1200x800-400x400.jpg 400w\" sizes=\"(max-width: 640px) 100vw, 640px\" \/>\t\t\t\t\t\t\t\t\t\t\t\t\t\t\t<\/div>\n\t\t\t\t<\/div>\n\t\t\t\t\t<\/div>\n\t\t<\/div>\n\t\t\t\t<div class=\"elementor-column elementor-col-50 elementor-top-column elementor-element elementor-element-a561541\" data-id=\"a561541\" data-element_type=\"column\">\n\t\t\t<div class=\"elementor-widget-wrap elementor-element-populated\">\n\t\t\t\t\t\t<div class=\"elementor-element elementor-element-20bd60f elementor-widget elementor-widget-heading\" data-id=\"20bd60f\" data-element_type=\"widget\" data-widget_type=\"heading.default\">\n\t\t\t\t<div class=\"elementor-widget-container\">\n\t\t\t\t\t<h3 class=\"elementor-heading-title elementor-size-default\">Mantenimiento<\/h3>\t\t\t\t<\/div>\n\t\t\t\t<\/div>\n\t\t\t\t<div class=\"elementor-element elementor-element-6444d65 elementor-widget__width-initial elementor-widget-tablet__width-inherit elementor-widget elementor-widget-text-editor\" data-id=\"6444d65\" data-element_type=\"widget\" data-widget_type=\"text-editor.default\">\n\t\t\t\t<div class=\"elementor-widget-container\">\n\t\t\t\t\t\t\t\t\t<p>Nuestra tecnolog\u00eda inteligente ofrece alertas en tiempo real para necesidades de mantenimiento predictivo y urgente, lo que garantiza el m\u00e1ximo tiempo de funcionamiento. Con diagn\u00f3sticos basados en la nube, sus proveedores de servicios contratados pueden acceder a los datos del veh\u00edculo al instante para un servicio m\u00e1s r\u00e1pido y eficiente.<\/p>\t\t\t\t\t\t\t\t<\/div>\n\t\t\t\t<\/div>\n\t\t\t\t<div class=\"jet-popup-target elementor-element elementor-element-3ff5480 elementor-align-center elementor-widget__width-auto elementor-mobile-align-center elementor-widget elementor-widget-button\" data-jet-popup=\"{&quot;attached-popup&quot;:&quot;jet-popup-1972&quot;,&quot;trigger-type&quot;:&quot;click-self&quot;,&quot;trigger-custom-selector&quot;:&quot;&quot;}\" data-id=\"3ff5480\" data-element_type=\"widget\" data-widget_type=\"button.default\">\n\t\t\t\t<div class=\"elementor-widget-container\">\n\t\t\t\t\t\t\t\t\t<div class=\"elementor-button-wrapper\">\n\t\t\t\t\t<a class=\"elementor-button elementor-button-link elementor-size-lg\" href=\"#\">\n\t\t\t\t\t\t<span class=\"elementor-button-content-wrapper\">\n\t\t\t\t\t\t\t\t\t<span class=\"elementor-button-text\">Contactar con Ventas<\/span>\n\t\t\t\t\t<\/span>\n\t\t\t\t\t<\/a>\n\t\t\t\t<\/div>\n\t\t\t\t\t\t\t\t<\/div>\n\t\t\t\t<\/div>\n\t\t\t\t\t<\/div>\n\t\t<\/div>\n\t\t\t\t\t<\/div>\n\t\t<\/section>\n\t\t\t\t<section class=\"elementor-section elementor-top-section elementor-element elementor-element-a50f5e0 elementor-section-boxed elementor-section-height-default elementor-section-height-default\" data-id=\"a50f5e0\" data-element_type=\"section\" data-settings=\"{&quot;jet_parallax_layout_list&quot;:[],&quot;background_background&quot;:&quot;classic&quot;}\">\n\t\t\t\t\t\t<div class=\"elementor-container elementor-column-gap-default\">\n\t\t\t\t\t<div class=\"elementor-column elementor-col-50 elementor-top-column elementor-element elementor-element-a7d1846\" data-id=\"a7d1846\" data-element_type=\"column\">\n\t\t\t<div class=\"elementor-widget-wrap elementor-element-populated\">\n\t\t\t\t\t\t<div class=\"elementor-element elementor-element-b95e0bf elementor-widget elementor-widget-heading\" data-id=\"b95e0bf\" data-element_type=\"widget\" data-widget_type=\"heading.default\">\n\t\t\t\t<div class=\"elementor-widget-container\">\n\t\t\t\t\t<h3 class=\"elementor-heading-title elementor-size-default\">Comportamiento del conductor<\/h3>\t\t\t\t<\/div>\n\t\t\t\t<\/div>\n\t\t\t\t<div class=\"elementor-element elementor-element-8ac67b0 elementor-widget__width-initial elementor-widget-tablet__width-inherit elementor-widget elementor-widget-text-editor\" data-id=\"8ac67b0\" data-element_type=\"widget\" data-widget_type=\"text-editor.default\">\n\t\t\t\t<div class=\"elementor-widget-container\">\n\t\t\t\t\t\t\t\t\t<p>Algunos socios de seguros le ofrecer\u00e1n un descuento en la parte de responsabilidad personal de su seguro de veh\u00edculo cuando comparta el comportamiento del conductor.<\/p>\t\t\t\t\t\t\t\t<\/div>\n\t\t\t\t<\/div>\n\t\t\t\t\t<\/div>\n\t\t<\/div>\n\t\t\t\t<div class=\"elementor-column elementor-col-50 elementor-top-column elementor-element elementor-element-38bb760\" data-id=\"38bb760\" data-element_type=\"column\">\n\t\t\t<div class=\"elementor-widget-wrap elementor-element-populated\">\n\t\t\t\t\t\t<div class=\"elementor-element elementor-element-0e98230 elementor-widget elementor-widget-image\" data-id=\"0e98230\" data-element_type=\"widget\" data-widget_type=\"image.default\">\n\t\t\t\t<div class=\"elementor-widget-container\">\n\t\t\t\t\t\t\t\t\t\t\t\t\t\t\t<img loading=\"lazy\" decoding=\"async\" width=\"640\" height=\"640\" src=\"https:\/\/www.zmtrucks.us\/wp-content\/uploads\/2025\/03\/adobestock-757427625-1200x800-640x640.jpg\" class=\"attachment-kava-thumb-justify size-kava-thumb-justify wp-image-2481\" alt=\"\" srcset=\"https:\/\/www.zmtrucks.us\/wp-content\/uploads\/2025\/03\/adobestock-757427625-1200x800-640x640.jpg 640w, https:\/\/www.zmtrucks.us\/wp-content\/uploads\/2025\/03\/adobestock-757427625-1200x800-240x240.jpg 240w, https:\/\/www.zmtrucks.us\/wp-content\/uploads\/2025\/03\/adobestock-757427625-1200x800-230x230.jpg 230w, https:\/\/www.zmtrucks.us\/wp-content\/uploads\/2025\/03\/adobestock-757427625-1200x800-400x400.jpg 400w\" sizes=\"(max-width: 640px) 100vw, 640px\" \/>\t\t\t\t\t\t\t\t\t\t\t\t\t\t\t<\/div>\n\t\t\t\t<\/div>\n\t\t\t\t\t<\/div>\n\t\t<\/div>\n\t\t\t\t\t<\/div>\n\t\t<\/section>\n\t\t\t\t<section class=\"elementor-section elementor-top-section elementor-element elementor-element-ab346e5 elementor-menu-anchor elementor-hidden-desktop elementor-hidden-tablet elementor-hidden-mobile elementor-section-boxed elementor-section-height-default elementor-section-height-default\" data-id=\"ab346e5\" data-element_type=\"section\" data-settings=\"{&quot;jet_parallax_layout_list&quot;:[],&quot;background_background&quot;:&quot;classic&quot;}\">\n\t\t\t\t\t\t\t<div class=\"elementor-background-overlay\"><\/div>\n\t\t\t\t\t\t\t<div class=\"elementor-container elementor-column-gap-default\">\n\t\t\t\t\t<div class=\"elementor-column elementor-col-100 elementor-top-column elementor-element elementor-element-58692ab\" data-id=\"58692ab\" data-element_type=\"column\">\n\t\t\t<div class=\"elementor-widget-wrap elementor-element-populated\">\n\t\t\t\t\t\t<div class=\"elementor-element elementor-element-7f3f6b1 elementor-widget elementor-widget-heading\" data-id=\"7f3f6b1\" data-element_type=\"widget\" data-widget_type=\"heading.default\">\n\t\t\t\t<div class=\"elementor-widget-container\">\n\t\t\t\t\t<h2 class=\"elementor-heading-title elementor-size-default\">Gesti\u00f3n de flotas<\/h2>\t\t\t\t<\/div>\n\t\t\t\t<\/div>\n\t\t\t\t<div class=\"elementor-element elementor-element-c36ca7c elementor-widget__width-initial elementor-widget elementor-widget-spacer\" data-id=\"c36ca7c\" data-element_type=\"widget\" data-widget_type=\"spacer.default\">\n\t\t\t\t<div class=\"elementor-widget-container\">\n\t\t\t\t\t\t\t<div class=\"elementor-spacer\">\n\t\t\t<div class=\"elementor-spacer-inner\"><\/div>\n\t\t<\/div>\n\t\t\t\t\t\t<\/div>\n\t\t\t\t<\/div>\n\t\t\t\t<section class=\"elementor-section elementor-inner-section elementor-element elementor-element-5ac397c elementor-section-boxed elementor-section-height-default elementor-section-height-default\" data-id=\"5ac397c\" data-element_type=\"section\" data-settings=\"{&quot;jet_parallax_layout_list&quot;:[]}\">\n\t\t\t\t\t\t<div class=\"elementor-container elementor-column-gap-default\">\n\t\t\t\t\t<div class=\"elementor-column elementor-col-50 elementor-inner-column elementor-element elementor-element-60258ff\" data-id=\"60258ff\" data-element_type=\"column\">\n\t\t\t<div class=\"elementor-widget-wrap elementor-element-populated\">\n\t\t\t\t\t\t<div class=\"elementor-element elementor-element-968d0b4 elementor-widget__width-initial elementor-widget-tablet__width-inherit elementor-widget elementor-widget-text-editor\" data-id=\"968d0b4\" data-element_type=\"widget\" data-widget_type=\"text-editor.default\">\n\t\t\t\t<div class=\"elementor-widget-container\">\n\t\t\t\t\t\t\t\t\t<p>Se trata de una secuencia de palabras latinas que, tal y como est\u00e1n colocadas, no forman frases con un sentido completo, sino que dan vida a un texto de prueba \u00fatil para rellenar espacios que posteriormente ser\u00e1n ocupados por textos ad hoc compuestos por profesionales de la comunicaci\u00f3n. Es sin duda el texto de sustituci\u00f3n m\u00e1s famoso, aunque existen diferentes versiones que se distinguen por el orden en el que se repiten las palabras latinas.<\/p><p>Los operadores gr\u00e1ficos y tipogr\u00e1ficos lo saben bien, en realidad todas las profesiones que se ocupan del universo de la comunicaci\u00f3n tienen una relaci\u00f3n estable con estas palabras.<\/p><p>Es sin duda el texto provisional m\u00e1s famoso, aunque existen diferentes versiones que se distinguen por el orden en el que se repiten las palabras latinas.<\/p>\t\t\t\t\t\t\t\t<\/div>\n\t\t\t\t<\/div>\n\t\t\t\t\t<\/div>\n\t\t<\/div>\n\t\t\t\t<div class=\"elementor-column elementor-col-50 elementor-inner-column elementor-element elementor-element-bbb20e1\" data-id=\"bbb20e1\" data-element_type=\"column\">\n\t\t\t<div class=\"elementor-widget-wrap elementor-element-populated\">\n\t\t\t\t\t\t<div class=\"elementor-element elementor-element-c109966 elementor-widget elementor-widget-heading\" data-id=\"c109966\" data-element_type=\"widget\" data-widget_type=\"heading.default\">\n\t\t\t\t<div class=\"elementor-widget-container\">\n\t\t\t\t\t<h2 class=\"elementor-heading-title elementor-size-default\">COSTES DE GESTI\u00d3N DE FLOTA<\/h2>\t\t\t\t<\/div>\n\t\t\t\t<\/div>\n\t\t\t\t<section class=\"elementor-section elementor-inner-section elementor-element elementor-element-663d8a0 elementor-section-boxed elementor-section-height-default elementor-section-height-default\" data-id=\"663d8a0\" data-element_type=\"section\" data-settings=\"{&quot;jet_parallax_layout_list&quot;:[]}\">\n\t\t\t\t\t\t<div class=\"elementor-container elementor-column-gap-default\">\n\t\t\t\t\t<div class=\"elementor-column elementor-col-50 elementor-inner-column elementor-element elementor-element-bad0640\" data-id=\"bad0640\" data-element_type=\"column\">\n\t\t\t<div class=\"elementor-widget-wrap elementor-element-populated\">\n\t\t\t\t\t\t<div class=\"elementor-element elementor-element-3602f8a elementor-widget elementor-widget-heading\" data-id=\"3602f8a\" data-element_type=\"widget\" data-widget_type=\"heading.default\">\n\t\t\t\t<div class=\"elementor-widget-container\">\n\t\t\t\t\t<h2 class=\"elementor-heading-title elementor-size-default\">TAMA\u00d1O DE LA FLOTA<\/h2>\t\t\t\t<\/div>\n\t\t\t\t<\/div>\n\t\t\t\t<div class=\"elementor-element elementor-element-9d93de8 elementor-widget elementor-widget-text-editor\" data-id=\"9d93de8\" data-element_type=\"widget\" data-widget_type=\"text-editor.default\">\n\t\t\t\t<div class=\"elementor-widget-container\">\n\t\t\t\t\t\t\t\t\t<table><tbody><tr><td style=\"width: 70%;\"><strong>1 &#8211; 5\u00a0<\/strong><\/td><td style=\"width: 30%;\"><strong>VEH\u00cdCULOS<\/strong><\/td><\/tr><tr><td><strong>6 &#8211; 10\u00a0<\/strong><\/td><td><strong>VEH\u00cdCULOS<\/strong><\/td><\/tr><tr><td><strong>11 &#8211; 15<\/strong><\/td><td><strong>VEH\u00cdCULOS<\/strong><\/td><\/tr><tr><td><strong>16 &#8211; 20<\/strong><\/td><td><strong>VEH\u00cdCULOS<\/strong><\/td><\/tr><tr><td><strong>21 &#8211; 25<\/strong><\/td><td><strong>VEH\u00cdCULOS<\/strong><\/td><\/tr><tr><td><strong>25+<\/strong><\/td><td><strong>VEH\u00cdCULOS<\/strong><\/td><\/tr><\/tbody><\/table>\t\t\t\t\t\t\t\t<\/div>\n\t\t\t\t<\/div>\n\t\t\t\t\t<\/div>\n\t\t<\/div>\n\t\t\t\t<div class=\"elementor-column elementor-col-50 elementor-inner-column elementor-element elementor-element-a77cef0\" data-id=\"a77cef0\" data-element_type=\"column\">\n\t\t\t<div class=\"elementor-widget-wrap elementor-element-populated\">\n\t\t\t\t\t\t<div class=\"elementor-element elementor-element-ff1877e elementor-widget elementor-widget-heading\" data-id=\"ff1877e\" data-element_type=\"widget\" data-widget_type=\"heading.default\">\n\t\t\t\t<div class=\"elementor-widget-container\">\n\t\t\t\t\t<h2 class=\"elementor-heading-title elementor-size-default\">COSTO<\/h2>\t\t\t\t<\/div>\n\t\t\t\t<\/div>\n\t\t\t\t<div class=\"elementor-element elementor-element-57a21ed elementor-widget elementor-widget-text-editor\" data-id=\"57a21ed\" data-element_type=\"widget\" data-widget_type=\"text-editor.default\">\n\t\t\t\t<div class=\"elementor-widget-container\">\n\t\t\t\t\t\t\t\t\t<table><tbody><tr><td style=\"width: 70%;\"><strong>$100\/mes<\/strong><\/td><td style=\"width: 30%;\">\u00a0<\/td><\/tr><tr><td><strong>$150\/mes<\/strong><\/td><td>\u00a0<\/td><\/tr><tr><td><strong>$200\/mes<\/strong><\/td><td>\u00a0<\/td><\/tr><tr><td><strong>$250\/mes<\/strong><\/td><td>\u00a0<\/td><\/tr><tr><td><strong>$300\/mes<\/strong><\/td><td>\u00a0<\/td><\/tr><tr><td><strong>$350\/mes<\/strong><\/td><td>\u00a0<\/td><\/tr><\/tbody><\/table>\t\t\t\t\t\t\t\t<\/div>\n\t\t\t\t<\/div>\n\t\t\t\t\t<\/div>\n\t\t<\/div>\n\t\t\t\t\t<\/div>\n\t\t<\/section>\n\t\t\t\t\t<\/div>\n\t\t<\/div>\n\t\t\t\t\t<\/div>\n\t\t<\/section>\n\t\t\t\t\t<\/div>\n\t\t<\/div>\n\t\t\t\t\t<\/div>\n\t\t<\/section>\n\t\t\t\t<\/div>","protected":false},"excerpt":{"rendered":"<p>Smart cabin, fleet management,and connected services DATA CAPTURE Vehicle Connectivity ZM Trucks provides advanced vehicle connectivity, allowing you to monitor fleet performance, optimize routes, and simplify compliance with state safety and incentive reporting requirements. Maintenance Our smart technology delivers real-time alerts for predictive and urgent maintenance needs, ensuring maximum uptime. With cloud-based diagnostics, your contracted [&hellip;]<\/p>","protected":false},"author":10,"featured_media":0,"parent":2251,"menu_order":0,"comment_status":"closed","ping_status":"closed","template":"elementor_header_footer","meta":{"footnotes":""},"class_list":["post-2267","page","type-page","status-publish","hentry"],"_links":{"self":[{"href":"https:\/\/www.zmtrucks.us\/es\/wp-json\/wp\/v2\/pages\/2267","targetHints":{"allow":["GET"]}}],"collection":[{"href":"https:\/\/www.zmtrucks.us\/es\/wp-json\/wp\/v2\/pages"}],"about":[{"href":"https:\/\/www.zmtrucks.us\/es\/wp-json\/wp\/v2\/types\/page"}],"author":[{"embeddable":true,"href":"https:\/\/www.zmtrucks.us\/es\/wp-json\/wp\/v2\/users\/10"}],"replies":[{"embeddable":true,"href":"https:\/\/www.zmtrucks.us\/es\/wp-json\/wp\/v2\/comments?post=2267"}],"version-history":[{"count":0,"href":"https:\/\/www.zmtrucks.us\/es\/wp-json\/wp\/v2\/pages\/2267\/revisions"}],"up":[{"embeddable":true,"href":"https:\/\/www.zmtrucks.us\/es\/wp-json\/wp\/v2\/pages\/2251"}],"wp:attachment":[{"href":"https:\/\/www.zmtrucks.us\/es\/wp-json\/wp\/v2\/media?parent=2267"}],"curies":[{"name":"wp","href":"https:\/\/api.w.org\/{rel}","templated":true}]}}