{"id":2292,"date":"2024-10-31T22:04:41","date_gmt":"2024-10-31T22:04:41","guid":{"rendered":"https:\/\/www.zmtrucks.us\/?page_id=2292"},"modified":"2025-04-23T19:17:26","modified_gmt":"2025-04-23T19:17:26","slug":"soporte-zm","status":"publish","type":"page","link":"https:\/\/www.zmtrucks.us\/es\/servicios\/soporte-zm\/","title":{"rendered":"Soporte ZM"},"content":{"rendered":"<div data-elementor-type=\"wp-page\" data-elementor-id=\"2292\" class=\"elementor elementor-2292\" data-elementor-post-type=\"page\">\n\t\t\t\t\t\t<section class=\"elementor-section elementor-top-section elementor-element elementor-element-37d4a31 elementor-menu-anchor elementor-section-boxed elementor-section-height-default elementor-section-height-default\" data-id=\"37d4a31\" data-element_type=\"section\" data-settings=\"{&quot;jet_parallax_layout_list&quot;:[],&quot;background_background&quot;:&quot;classic&quot;}\">\n\t\t\t\t\t\t\t<div class=\"elementor-background-overlay\"><\/div>\n\t\t\t\t\t\t\t<div class=\"elementor-container elementor-column-gap-default\">\n\t\t\t\t\t<div class=\"elementor-column elementor-col-100 elementor-top-column elementor-element elementor-element-9305d00\" data-id=\"9305d00\" data-element_type=\"column\">\n\t\t\t<div class=\"elementor-widget-wrap elementor-element-populated\">\n\t\t\t\t\t\t<div class=\"elementor-element elementor-element-123c89c elementor-widget elementor-widget-image\" data-id=\"123c89c\" data-element_type=\"widget\" data-widget_type=\"image.default\">\n\t\t\t\t<div class=\"elementor-widget-container\">\n\t\t\t\t\t\t\t\t\t\t\t\t\t\t\t\t<a href=\"\/es\/servicios\/soporte-zm\/\">\n\t\t\t\t\t\t\t<img decoding=\"async\" width=\"317\" height=\"50\" src=\"https:\/\/www.zmtrucks.us\/wp-content\/uploads\/2025\/03\/zm-trucks-services-support.svg\" class=\"attachment-large size-large wp-image-2493\" alt=\"\" \/>\t\t\t\t\t\t\t\t<\/a>\n\t\t\t\t\t\t\t\t\t\t\t\t\t\t\t<\/div>\n\t\t\t\t<\/div>\n\t\t\t\t<div class=\"elementor-element elementor-element-28f1f20 elementor-hidden-desktop elementor-hidden-tablet elementor-hidden-mobile elementor-widget elementor-widget-text-editor\" data-id=\"28f1f20\" data-element_type=\"widget\" data-widget_type=\"text-editor.default\">\n\t\t\t\t<div class=\"elementor-widget-container\">\n\t\t\t\t\t\t\t\t\t<p>Piezas, herramientas y servicio<\/p><p>Mantenimiento remoto y en sitio<\/p><p>Asistencia en carretera<\/p>\t\t\t\t\t\t\t\t<\/div>\n\t\t\t\t<\/div>\n\t\t\t\t\t<\/div>\n\t\t<\/div>\n\t\t\t\t\t<\/div>\n\t\t<\/section>\n\t\t\t\t<section class=\"elementor-section elementor-top-section elementor-element elementor-element-cac5b6b elementor-section-boxed elementor-section-height-default elementor-section-height-default\" data-id=\"cac5b6b\" data-element_type=\"section\" data-settings=\"{&quot;jet_parallax_layout_list&quot;:[],&quot;background_background&quot;:&quot;classic&quot;}\">\n\t\t\t\t\t\t<div class=\"elementor-container elementor-column-gap-default\">\n\t\t\t\t\t<div class=\"elementor-column elementor-col-100 elementor-top-column elementor-element elementor-element-cfbfc49\" data-id=\"cfbfc49\" data-element_type=\"column\">\n\t\t\t<div class=\"elementor-widget-wrap elementor-element-populated\">\n\t\t\t\t\t\t<div class=\"elementor-element elementor-element-1b3204d elementor-widget elementor-widget-heading\" data-id=\"1b3204d\" data-element_type=\"widget\" data-widget_type=\"heading.default\">\n\t\t\t\t<div class=\"elementor-widget-container\">\n\t\t\t\t\t<h2 class=\"elementor-heading-title elementor-size-default\">APOYO<\/h2>\t\t\t\t<\/div>\n\t\t\t\t<\/div>\n\t\t\t\t<div class=\"elementor-element elementor-element-642fa06 elementor-widget__width-initial elementor-widget elementor-widget-spacer\" data-id=\"642fa06\" data-element_type=\"widget\" data-widget_type=\"spacer.default\">\n\t\t\t\t<div class=\"elementor-widget-container\">\n\t\t\t\t\t\t\t<div class=\"elementor-spacer\">\n\t\t\t<div class=\"elementor-spacer-inner\"><\/div>\n\t\t<\/div>\n\t\t\t\t\t\t<\/div>\n\t\t\t\t<\/div>\n\t\t\t\t<div class=\"elementor-element elementor-element-d268ae4 elementor-widget elementor-widget-heading\" data-id=\"d268ae4\" data-element_type=\"widget\" data-widget_type=\"heading.default\">\n\t\t\t\t<div class=\"elementor-widget-container\">\n\t\t\t\t\t<h2 class=\"elementor-heading-title elementor-size-default\">Servicio<\/h2>\t\t\t\t<\/div>\n\t\t\t\t<\/div>\n\t\t\t\t<section class=\"elementor-section elementor-inner-section elementor-element elementor-element-99f0bdb elementor-section-boxed elementor-section-height-default elementor-section-height-default\" data-id=\"99f0bdb\" data-element_type=\"section\" data-settings=\"{&quot;jet_parallax_layout_list&quot;:[]}\">\n\t\t\t\t\t\t<div class=\"elementor-container elementor-column-gap-default\">\n\t\t\t\t\t<div class=\"elementor-column elementor-col-50 elementor-inner-column elementor-element elementor-element-013d09e\" data-id=\"013d09e\" data-element_type=\"column\">\n\t\t\t<div class=\"elementor-widget-wrap elementor-element-populated\">\n\t\t\t\t\t\t<div class=\"elementor-element elementor-element-78837fd elementor-widget__width-initial elementor-widget-tablet__width-inherit elementor-widget elementor-widget-text-editor\" data-id=\"78837fd\" data-element_type=\"widget\" data-widget_type=\"text-editor.default\">\n\t\t\t\t<div class=\"elementor-widget-container\">\n\t\t\t\t\t\t\t\t\t<p>En ZM Trucks, monitoreamos su flota con datos de rendimiento continuos, minimizando el tiempo de inactividad y garantizando un rendimiento m\u00e1ximo. Con el respaldo de una amplia red de servicio, brindamos soporte r\u00e1pido de expertos dondequiera que opere. Nuestro conjunto de software garantiza diagn\u00f3sticos precisos y recordatorios de mantenimiento de rutina.<\/p>\t\t\t\t\t\t\t\t<\/div>\n\t\t\t\t<\/div>\n\t\t\t\t\t<\/div>\n\t\t<\/div>\n\t\t\t\t<div class=\"elementor-column elementor-col-50 elementor-inner-column elementor-element elementor-element-7a4a9d6\" data-id=\"7a4a9d6\" data-element_type=\"column\">\n\t\t\t<div class=\"elementor-widget-wrap elementor-element-populated\">\n\t\t\t\t\t\t<div class=\"elementor-element elementor-element-432b278 elementor-widget elementor-widget-image\" data-id=\"432b278\" data-element_type=\"widget\" data-widget_type=\"image.default\">\n\t\t\t\t<div class=\"elementor-widget-container\">\n\t\t\t\t\t\t\t\t\t\t\t\t\t\t\t<img fetchpriority=\"high\" decoding=\"async\" width=\"640\" height=\"640\" src=\"https:\/\/www.zmtrucks.us\/wp-content\/uploads\/2025\/03\/adobestock-998280207-1200x800-640x640.jpg\" class=\"attachment-kava-thumb-justify size-kava-thumb-justify wp-image-2482\" alt=\"\" srcset=\"https:\/\/www.zmtrucks.us\/wp-content\/uploads\/2025\/03\/adobestock-998280207-1200x800-640x640.jpg 640w, https:\/\/www.zmtrucks.us\/wp-content\/uploads\/2025\/03\/adobestock-998280207-1200x800-240x240.jpg 240w, https:\/\/www.zmtrucks.us\/wp-content\/uploads\/2025\/03\/adobestock-998280207-1200x800-230x230.jpg 230w, https:\/\/www.zmtrucks.us\/wp-content\/uploads\/2025\/03\/adobestock-998280207-1200x800-400x400.jpg 400w\" sizes=\"(max-width: 640px) 100vw, 640px\" \/>\t\t\t\t\t\t\t\t\t\t\t\t\t\t\t<\/div>\n\t\t\t\t<\/div>\n\t\t\t\t\t<\/div>\n\t\t<\/div>\n\t\t\t\t\t<\/div>\n\t\t<\/section>\n\t\t\t\t\t<\/div>\n\t\t<\/div>\n\t\t\t\t\t<\/div>\n\t\t<\/section>\n\t\t\t\t<section class=\"elementor-section elementor-top-section elementor-element elementor-element-c5a9b1b elementor-section-boxed elementor-section-height-default elementor-section-height-default\" data-id=\"c5a9b1b\" data-element_type=\"section\" data-settings=\"{&quot;jet_parallax_layout_list&quot;:[],&quot;background_background&quot;:&quot;classic&quot;}\">\n\t\t\t\t\t\t<div class=\"elementor-container elementor-column-gap-default\">\n\t\t\t\t\t<div class=\"elementor-column elementor-col-100 elementor-top-column elementor-element elementor-element-9c58529\" data-id=\"9c58529\" data-element_type=\"column\">\n\t\t\t<div class=\"elementor-widget-wrap elementor-element-populated\">\n\t\t\t\t\t\t<div class=\"elementor-element elementor-element-fba29da elementor-widget elementor-widget-heading\" data-id=\"fba29da\" data-element_type=\"widget\" data-widget_type=\"heading.default\">\n\t\t\t\t<div class=\"elementor-widget-container\">\n\t\t\t\t\t<h2 class=\"elementor-heading-title elementor-size-default\">Regiones<\/h2>\t\t\t\t<\/div>\n\t\t\t\t<\/div>\n\t\t\t\t<section class=\"elementor-section elementor-inner-section elementor-element elementor-element-aa637f3 elementor-section-boxed elementor-section-height-default elementor-section-height-default\" data-id=\"aa637f3\" data-element_type=\"section\" data-settings=\"{&quot;jet_parallax_layout_list&quot;:[]}\">\n\t\t\t\t\t\t<div class=\"elementor-container elementor-column-gap-default\">\n\t\t\t\t\t<div class=\"elementor-column elementor-col-50 elementor-inner-column elementor-element elementor-element-5eb20ee\" data-id=\"5eb20ee\" data-element_type=\"column\">\n\t\t\t<div class=\"elementor-widget-wrap elementor-element-populated\">\n\t\t\t\t\t\t<div class=\"elementor-element elementor-element-05f9275 elementor-widget__width-initial elementor-widget-tablet__width-inherit elementor-widget elementor-widget-text-editor\" data-id=\"05f9275\" data-element_type=\"widget\" data-widget_type=\"text-editor.default\">\n\t\t\t\t<div class=\"elementor-widget-container\">\n\t\t\t\t\t\t\t\t\t<p>Con una red de distribuci\u00f3n a nivel nacional, las piezas est\u00e1n disponibles las 24 horas, los 7 d\u00edas de la semana, para mantener su flota en movimiento sin demoras.<\/p>\t\t\t\t\t\t\t\t<\/div>\n\t\t\t\t<\/div>\n\t\t\t\t\t<\/div>\n\t\t<\/div>\n\t\t\t\t<div class=\"elementor-column elementor-col-50 elementor-inner-column elementor-element elementor-element-36c44b1\" data-id=\"36c44b1\" data-element_type=\"column\">\n\t\t\t<div class=\"elementor-widget-wrap elementor-element-populated\">\n\t\t\t\t\t\t<div class=\"elementor-element elementor-element-0344dfa elementor-widget elementor-widget-image\" data-id=\"0344dfa\" data-element_type=\"widget\" data-widget_type=\"image.default\">\n\t\t\t\t<div class=\"elementor-widget-container\">\n\t\t\t\t\t\t\t\t\t\t\t\t\t\t\t<img decoding=\"async\" width=\"640\" height=\"640\" src=\"https:\/\/www.zmtrucks.us\/wp-content\/uploads\/2025\/04\/DJI_20250216112710_0055_D-e1745435835303-640x640.jpg\" class=\"attachment-kava-thumb-justify size-kava-thumb-justify wp-image-2513\" alt=\"\" srcset=\"https:\/\/www.zmtrucks.us\/wp-content\/uploads\/2025\/04\/DJI_20250216112710_0055_D-e1745435835303-640x640.jpg 640w, https:\/\/www.zmtrucks.us\/wp-content\/uploads\/2025\/04\/DJI_20250216112710_0055_D-e1745435835303-240x240.jpg 240w, https:\/\/www.zmtrucks.us\/wp-content\/uploads\/2025\/04\/DJI_20250216112710_0055_D-e1745435835303-230x230.jpg 230w, https:\/\/www.zmtrucks.us\/wp-content\/uploads\/2025\/04\/DJI_20250216112710_0055_D-e1745435835303-400x400.jpg 400w\" sizes=\"(max-width: 640px) 100vw, 640px\" \/>\t\t\t\t\t\t\t\t\t\t\t\t\t\t\t<\/div>\n\t\t\t\t<\/div>\n\t\t\t\t\t<\/div>\n\t\t<\/div>\n\t\t\t\t\t<\/div>\n\t\t<\/section>\n\t\t\t\t\t<\/div>\n\t\t<\/div>\n\t\t\t\t\t<\/div>\n\t\t<\/section>\n\t\t\t\t<section class=\"elementor-section elementor-top-section elementor-element elementor-element-be3ff82 elementor-section-boxed elementor-section-height-default elementor-section-height-default\" data-id=\"be3ff82\" data-element_type=\"section\" data-settings=\"{&quot;jet_parallax_layout_list&quot;:[],&quot;background_background&quot;:&quot;classic&quot;}\">\n\t\t\t\t\t\t<div class=\"elementor-container elementor-column-gap-default\">\n\t\t\t\t\t<div class=\"elementor-column elementor-col-100 elementor-top-column elementor-element elementor-element-16b2275\" data-id=\"16b2275\" data-element_type=\"column\">\n\t\t\t<div class=\"elementor-widget-wrap elementor-element-populated\">\n\t\t\t\t\t\t<div class=\"elementor-element elementor-element-4f1dc5c elementor-widget elementor-widget-heading\" data-id=\"4f1dc5c\" data-element_type=\"widget\" data-widget_type=\"heading.default\">\n\t\t\t\t<div class=\"elementor-widget-container\">\n\t\t\t\t\t<h2 class=\"elementor-heading-title elementor-size-default\">Capacitaci\u00f3n<\/h2>\t\t\t\t<\/div>\n\t\t\t\t<\/div>\n\t\t\t\t<section class=\"elementor-section elementor-inner-section elementor-element elementor-element-088ef8a elementor-section-boxed elementor-section-height-default elementor-section-height-default\" data-id=\"088ef8a\" data-element_type=\"section\" data-settings=\"{&quot;jet_parallax_layout_list&quot;:[]}\">\n\t\t\t\t\t\t<div class=\"elementor-container elementor-column-gap-default\">\n\t\t\t\t\t<div class=\"elementor-column elementor-col-50 elementor-inner-column elementor-element elementor-element-4107500\" data-id=\"4107500\" data-element_type=\"column\">\n\t\t\t<div class=\"elementor-widget-wrap elementor-element-populated\">\n\t\t\t\t\t\t<div class=\"elementor-element elementor-element-234fc0d elementor-widget__width-initial elementor-widget-tablet__width-inherit elementor-widget elementor-widget-text-editor\" data-id=\"234fc0d\" data-element_type=\"widget\" data-widget_type=\"text-editor.default\">\n\t\t\t\t<div class=\"elementor-widget-container\">\n\t\t\t\t\t\t\t\t\t<p>ZM Trucks ofrece cursos de formaci\u00f3n integrales, desde breves v\u00eddeos explicativos en l\u00ednea hasta manuales detallados y diagramas de diagn\u00f3stico. Permitimos que los conductores y t\u00e9cnicos est\u00e9n debidamente equipados para las operaciones diarias de la flota con nuestros camiones.<\/p>\t\t\t\t\t\t\t\t<\/div>\n\t\t\t\t<\/div>\n\t\t\t\t\t<\/div>\n\t\t<\/div>\n\t\t\t\t<div class=\"elementor-column elementor-col-50 elementor-inner-column elementor-element elementor-element-1321a6e\" data-id=\"1321a6e\" data-element_type=\"column\">\n\t\t\t<div class=\"elementor-widget-wrap elementor-element-populated\">\n\t\t\t\t\t\t<div class=\"elementor-element elementor-element-ae6bbb4 elementor-widget elementor-widget-image\" data-id=\"ae6bbb4\" data-element_type=\"widget\" data-widget_type=\"image.default\">\n\t\t\t\t<div class=\"elementor-widget-container\">\n\t\t\t\t\t\t\t\t\t\t\t\t\t\t\t<img loading=\"lazy\" decoding=\"async\" width=\"640\" height=\"640\" src=\"https:\/\/www.zmtrucks.us\/wp-content\/uploads\/2025\/03\/adobestock-530208216-1200x800-640x640.jpg\" class=\"attachment-kava-thumb-justify size-kava-thumb-justify wp-image-2483\" alt=\"\" srcset=\"https:\/\/www.zmtrucks.us\/wp-content\/uploads\/2025\/03\/adobestock-530208216-1200x800-640x640.jpg 640w, https:\/\/www.zmtrucks.us\/wp-content\/uploads\/2025\/03\/adobestock-530208216-1200x800-240x240.jpg 240w, https:\/\/www.zmtrucks.us\/wp-content\/uploads\/2025\/03\/adobestock-530208216-1200x800-230x230.jpg 230w, https:\/\/www.zmtrucks.us\/wp-content\/uploads\/2025\/03\/adobestock-530208216-1200x800-400x400.jpg 400w\" sizes=\"(max-width: 640px) 100vw, 640px\" \/>\t\t\t\t\t\t\t\t\t\t\t\t\t\t\t<\/div>\n\t\t\t\t<\/div>\n\t\t\t\t\t<\/div>\n\t\t<\/div>\n\t\t\t\t\t<\/div>\n\t\t<\/section>\n\t\t\t\t\t<\/div>\n\t\t<\/div>\n\t\t\t\t\t<\/div>\n\t\t<\/section>\n\t\t\t\t<section class=\"elementor-section elementor-top-section elementor-element elementor-element-4cb3a6a elementor-section-boxed elementor-section-height-default elementor-section-height-default\" data-id=\"4cb3a6a\" data-element_type=\"section\" data-settings=\"{&quot;jet_parallax_layout_list&quot;:[],&quot;background_background&quot;:&quot;classic&quot;}\">\n\t\t\t\t\t\t<div class=\"elementor-container elementor-column-gap-default\">\n\t\t\t\t\t<div class=\"elementor-column elementor-col-100 elementor-top-column elementor-element elementor-element-20e385b\" data-id=\"20e385b\" data-element_type=\"column\">\n\t\t\t<div class=\"elementor-widget-wrap elementor-element-populated\">\n\t\t\t\t\t\t<section class=\"elementor-section elementor-inner-section elementor-element elementor-element-bec5f83 elementor-section-boxed elementor-section-height-default elementor-section-height-default\" data-id=\"bec5f83\" data-element_type=\"section\" data-settings=\"{&quot;jet_parallax_layout_list&quot;:[]}\">\n\t\t\t\t\t\t<div class=\"elementor-container elementor-column-gap-default\">\n\t\t\t\t\t<div class=\"elementor-column elementor-col-50 elementor-inner-column elementor-element elementor-element-df1fba9\" data-id=\"df1fba9\" data-element_type=\"column\">\n\t\t\t<div class=\"elementor-widget-wrap elementor-element-populated\">\n\t\t\t\t\t\t<div class=\"elementor-element elementor-element-9f27183 elementor-hidden-desktop elementor-hidden-tablet elementor-hidden-mobile elementor-widget elementor-widget-image\" data-id=\"9f27183\" data-element_type=\"widget\" data-widget_type=\"image.default\">\n\t\t\t\t<div class=\"elementor-widget-container\">\n\t\t\t\t\t\t\t\t\t\t\t\t\t\t\t<img loading=\"lazy\" decoding=\"async\" width=\"1200\" height=\"229\" src=\"https:\/\/www.zmtrucks.us\/wp-content\/uploads\/2025\/02\/fleetnet-america-color-icon-with-cai-black-inline-1200x229.webp\" class=\"attachment-large size-large wp-image-2454\" alt=\"\" srcset=\"https:\/\/www.zmtrucks.us\/wp-content\/uploads\/2025\/02\/fleetnet-america-color-icon-with-cai-black-inline-1200x229.webp 1200w, https:\/\/www.zmtrucks.us\/wp-content\/uploads\/2025\/02\/fleetnet-america-color-icon-with-cai-black-inline-600x115.webp 600w, https:\/\/www.zmtrucks.us\/wp-content\/uploads\/2025\/02\/fleetnet-america-color-icon-with-cai-black-inline-768x147.webp 768w, https:\/\/www.zmtrucks.us\/wp-content\/uploads\/2025\/02\/fleetnet-america-color-icon-with-cai-black-inline-1536x293.webp 1536w, https:\/\/www.zmtrucks.us\/wp-content\/uploads\/2025\/02\/fleetnet-america-color-icon-with-cai-black-inline.webp 2048w, https:\/\/www.zmtrucks.us\/wp-content\/uploads\/2025\/02\/fleetnet-america-color-icon-with-cai-black-inline-18x3.webp 18w\" sizes=\"(max-width: 1200px) 100vw, 1200px\" \/>\t\t\t\t\t\t\t\t\t\t\t\t\t\t\t<\/div>\n\t\t\t\t<\/div>\n\t\t\t\t\t<\/div>\n\t\t<\/div>\n\t\t\t\t<div class=\"elementor-column elementor-col-50 elementor-inner-column elementor-element elementor-element-a2bf2b3\" data-id=\"a2bf2b3\" data-element_type=\"column\">\n\t\t\t<div class=\"elementor-widget-wrap elementor-element-populated\">\n\t\t\t\t\t\t<div class=\"elementor-element elementor-element-afc4c0d elementor-hidden-desktop elementor-hidden-tablet elementor-hidden-mobile elementor-widget elementor-widget-heading\" data-id=\"afc4c0d\" data-element_type=\"widget\" data-widget_type=\"heading.default\">\n\t\t\t\t<div class=\"elementor-widget-container\">\n\t\t\t\t\t<h2 class=\"elementor-heading-title elementor-size-default\">Asistencia en carretera<\/h2>\t\t\t\t<\/div>\n\t\t\t\t<\/div>\n\t\t\t\t<div class=\"elementor-element elementor-element-c1861db elementor-widget__width-initial elementor-widget-tablet__width-inherit elementor-hidden-desktop elementor-hidden-tablet elementor-hidden-mobile elementor-widget elementor-widget-text-editor\" data-id=\"c1861db\" data-element_type=\"widget\" data-widget_type=\"text-editor.default\">\n\t\t\t\t<div class=\"elementor-widget-container\">\n\t\t\t\t\t\t\t\t\t<p>Nuestro soporte de asistencia en carretera 24 horas al d\u00eda, 7 d\u00edas a la semana a nivel nacional est\u00e1 ah\u00ed cuando lo necesita.<\/p>\t\t\t\t\t\t\t\t<\/div>\n\t\t\t\t<\/div>\n\t\t\t\t\t<\/div>\n\t\t<\/div>\n\t\t\t\t\t<\/div>\n\t\t<\/section>\n\t\t\t\t\t<\/div>\n\t\t<\/div>\n\t\t\t\t\t<\/div>\n\t\t<\/section>\n\t\t\t\t<section class=\"elementor-section elementor-top-section elementor-element elementor-element-45e4c9a elementor-section-boxed elementor-section-height-default elementor-section-height-default\" data-id=\"45e4c9a\" data-element_type=\"section\" data-settings=\"{&quot;jet_parallax_layout_list&quot;:[],&quot;background_background&quot;:&quot;classic&quot;}\">\n\t\t\t\t\t\t<div class=\"elementor-container elementor-column-gap-default\">\n\t\t\t\t\t<div class=\"elementor-column elementor-col-100 elementor-top-column elementor-element elementor-element-dc0dcbd\" data-id=\"dc0dcbd\" data-element_type=\"column\">\n\t\t\t<div class=\"elementor-widget-wrap elementor-element-populated\">\n\t\t\t\t\t\t<section class=\"elementor-section elementor-inner-section elementor-element elementor-element-1f7e553 elementor-hidden-desktop elementor-hidden-tablet elementor-hidden-mobile elementor-section-boxed elementor-section-height-default elementor-section-height-default\" data-id=\"1f7e553\" data-element_type=\"section\" data-settings=\"{&quot;jet_parallax_layout_list&quot;:[]}\">\n\t\t\t\t\t\t<div class=\"elementor-container elementor-column-gap-default\">\n\t\t\t\t\t<div class=\"elementor-column elementor-col-50 elementor-inner-column elementor-element elementor-element-ac8400c\" data-id=\"ac8400c\" data-element_type=\"column\">\n\t\t\t<div class=\"elementor-widget-wrap elementor-element-populated\">\n\t\t\t\t\t\t<div class=\"elementor-element elementor-element-9b4163b elementor-widget elementor-widget-heading\" data-id=\"9b4163b\" data-element_type=\"widget\" data-widget_type=\"heading.default\">\n\t\t\t\t<div class=\"elementor-widget-container\">\n\t\t\t\t\t<h2 class=\"elementor-heading-title elementor-size-default\">Mantenimiento remoto<\/h2>\t\t\t\t<\/div>\n\t\t\t\t<\/div>\n\t\t\t\t<div class=\"elementor-element elementor-element-7cfd209 elementor-widget__width-initial elementor-widget-tablet__width-inherit elementor-widget elementor-widget-text-editor\" data-id=\"7cfd209\" data-element_type=\"widget\" data-widget_type=\"text-editor.default\">\n\t\t\t\t<div class=\"elementor-widget-container\">\n\t\t\t\t\t\t\t\t\t<p>Se trata de una secuencia de palabras latinas que, tal y como est\u00e1n posicionadas, no forman frases con sentido completo, sino que dan vida a un texto de prueba \u00fatil para rellenar espacios que posteriormente ser\u00e1n ocupados a partir de textos ad hoc compuestos por profesionales de la comunicaci\u00f3n.<\/p><p>Se trata sin duda del texto de referencia m\u00e1s famoso, aunque existen diferentes versiones que se distinguen por el orden en el que se repiten las palabras latinas. Se trata de una secuencia de palabras latinas que, tal como est\u00e1n posicionadas, no forman frases con un sentido completo, sino que dan vida a un texto de prueba \u00fatil para rellenar espacios que posteriormente ser\u00e1n ocupados por textos ad hoc compuestos por profesionales de la comunicaci\u00f3n.<\/p>\t\t\t\t\t\t\t\t<\/div>\n\t\t\t\t<\/div>\n\t\t\t\t<div class=\"jet-popup-target elementor-element elementor-element-bf8093d elementor-align-center elementor-widget__width-auto elementor-widget elementor-widget-button\" data-jet-popup=\"{&quot;attached-popup&quot;:&quot;jet-popup-1972&quot;,&quot;trigger-type&quot;:&quot;click-self&quot;,&quot;trigger-custom-selector&quot;:&quot;&quot;}\" data-id=\"bf8093d\" data-element_type=\"widget\" data-widget_type=\"button.default\">\n\t\t\t\t<div class=\"elementor-widget-container\">\n\t\t\t\t\t\t\t\t\t<div class=\"elementor-button-wrapper\">\n\t\t\t\t\t<a class=\"elementor-button elementor-button-link elementor-size-lg\" href=\"#\">\n\t\t\t\t\t\t<span class=\"elementor-button-content-wrapper\">\n\t\t\t\t\t\t\t\t\t<span class=\"elementor-button-text\">M\u00e1s informaci\u00f3n<\/span>\n\t\t\t\t\t<\/span>\n\t\t\t\t\t<\/a>\n\t\t\t\t<\/div>\n\t\t\t\t\t\t\t\t<\/div>\n\t\t\t\t<\/div>\n\t\t\t\t\t<\/div>\n\t\t<\/div>\n\t\t\t\t<div class=\"elementor-column elementor-col-50 elementor-inner-column elementor-element elementor-element-26f3fd0\" data-id=\"26f3fd0\" data-element_type=\"column\">\n\t\t\t<div class=\"elementor-widget-wrap elementor-element-populated\">\n\t\t\t\t\t\t<div class=\"elementor-element elementor-element-ed6b41a elementor-widget elementor-widget-image\" data-id=\"ed6b41a\" data-element_type=\"widget\" data-widget_type=\"image.default\">\n\t\t\t\t<div class=\"elementor-widget-container\">\n\t\t\t\t\t\t\t\t\t\t\t\t\t\t\t<img loading=\"lazy\" decoding=\"async\" width=\"800\" height=\"526\" src=\"https:\/\/www.zmtrucks.us\/wp-content\/uploads\/2024\/11\/remote-maintenance.jpg\" class=\"attachment-large size-large wp-image-2402\" alt=\"\" srcset=\"https:\/\/www.zmtrucks.us\/wp-content\/uploads\/2024\/11\/remote-maintenance.jpg 800w, https:\/\/www.zmtrucks.us\/wp-content\/uploads\/2024\/11\/remote-maintenance-600x395.jpg 600w, https:\/\/www.zmtrucks.us\/wp-content\/uploads\/2024\/11\/remote-maintenance-768x505.jpg 768w, https:\/\/www.zmtrucks.us\/wp-content\/uploads\/2024\/11\/remote-maintenance-18x12.jpg 18w\" sizes=\"(max-width: 800px) 100vw, 800px\" \/>\t\t\t\t\t\t\t\t\t\t\t\t\t\t\t<\/div>\n\t\t\t\t<\/div>\n\t\t\t\t\t<\/div>\n\t\t<\/div>\n\t\t\t\t\t<\/div>\n\t\t<\/section>\n\t\t\t\t\t<\/div>\n\t\t<\/div>\n\t\t\t\t\t<\/div>\n\t\t<\/section>\n\t\t\t\t<\/div>","protected":false},"excerpt":{"rendered":"<p>Parts, Tools, and Service Remote and Onsite Maintenance Roadside Assistance SUPPORT Service At ZM Trucks, we monitor your fleet with continuous performance data, minimizing downtime and ensuring peak performance. Backed by an extensive service network, we provide fast expert support wherever you operate. Our software stack ensures precise diagnostics and routine maintenance reminders. Parts With [&hellip;]<\/p>","protected":false},"author":10,"featured_media":0,"parent":2251,"menu_order":0,"comment_status":"closed","ping_status":"closed","template":"elementor_header_footer","meta":{"footnotes":""},"class_list":["post-2292","page","type-page","status-publish","hentry"],"_links":{"self":[{"href":"https:\/\/www.zmtrucks.us\/es\/wp-json\/wp\/v2\/pages\/2292","targetHints":{"allow":["GET"]}}],"collection":[{"href":"https:\/\/www.zmtrucks.us\/es\/wp-json\/wp\/v2\/pages"}],"about":[{"href":"https:\/\/www.zmtrucks.us\/es\/wp-json\/wp\/v2\/types\/page"}],"author":[{"embeddable":true,"href":"https:\/\/www.zmtrucks.us\/es\/wp-json\/wp\/v2\/users\/10"}],"replies":[{"embeddable":true,"href":"https:\/\/www.zmtrucks.us\/es\/wp-json\/wp\/v2\/comments?post=2292"}],"version-history":[{"count":0,"href":"https:\/\/www.zmtrucks.us\/es\/wp-json\/wp\/v2\/pages\/2292\/revisions"}],"up":[{"embeddable":true,"href":"https:\/\/www.zmtrucks.us\/es\/wp-json\/wp\/v2\/pages\/2251"}],"wp:attachment":[{"href":"https:\/\/www.zmtrucks.us\/es\/wp-json\/wp\/v2\/media?parent=2292"}],"curies":[{"name":"wp","href":"https:\/\/api.w.org\/{rel}","templated":true}]}}