{"id":2424,"date":"2025-02-15T19:47:28","date_gmt":"2025-02-15T19:47:28","guid":{"rendered":"https:\/\/www.zmtrucks.us\/?page_id=2424"},"modified":"2025-09-12T20:53:23","modified_gmt":"2025-09-12T20:53:23","slug":"zm12","status":"publish","type":"page","link":"https:\/\/www.zmtrucks.us\/es\/zm12\/","title":{"rendered":"ZM12 BEV"},"content":{"rendered":"<div data-elementor-type=\"wp-page\" data-elementor-id=\"2424\" class=\"elementor elementor-2424\" data-elementor-post-type=\"page\">\n\t\t\t\t\t\t<section class=\"elementor-section elementor-top-section elementor-element elementor-element-1394b71 elementor-menu-anchor elementor-section-boxed elementor-section-height-default elementor-section-height-default\" data-id=\"1394b71\" data-element_type=\"section\" data-settings=\"{&quot;jet_parallax_layout_list&quot;:[],&quot;background_background&quot;:&quot;classic&quot;}\">\n\t\t\t\t\t\t\t<div class=\"elementor-background-overlay\"><\/div>\n\t\t\t\t\t\t\t<div class=\"elementor-container elementor-column-gap-default\">\n\t\t\t\t\t<div class=\"elementor-column elementor-col-100 elementor-top-column elementor-element elementor-element-3923100\" data-id=\"3923100\" data-element_type=\"column\">\n\t\t\t<div class=\"elementor-widget-wrap elementor-element-populated\">\n\t\t\t\t\t\t<div class=\"elementor-element elementor-element-9179307 elementor-arrows-position-outside elementor-pagination-position-outside elementor--h-position-center elementor--v-position-middle elementor-widget elementor-widget-slides\" data-id=\"9179307\" data-element_type=\"widget\" data-settings=\"{&quot;navigation&quot;:&quot;both&quot;,&quot;autoplay&quot;:&quot;yes&quot;,&quot;pause_on_hover&quot;:&quot;yes&quot;,&quot;pause_on_interaction&quot;:&quot;yes&quot;,&quot;autoplay_speed&quot;:5000,&quot;infinite&quot;:&quot;yes&quot;,&quot;transition&quot;:&quot;slide&quot;,&quot;transition_speed&quot;:500}\" data-widget_type=\"slides.default\">\n\t\t\t\t<div class=\"elementor-widget-container\">\n\t\t\t\t\t\t\t\t\t<div class=\"elementor-swiper\">\n\t\t\t\t\t<div class=\"elementor-slides-wrapper elementor-main-swiper swiper\" role=\"region\" aria-roledescription=\"carousel\" aria-label=\"Diapositivas\" dir=\"ltr\" data-animation=\"fadeInUp\">\n\t\t\t\t<div class=\"swiper-wrapper elementor-slides\">\n\t\t\t\t\t\t\t\t\t\t<div class=\"elementor-repeater-item-fe39227 swiper-slide\" role=\"group\" aria-roledescription=\"slide\"><div class=\"swiper-slide-bg\" role=\"img\" aria-label=\"ZM15-edited-800x691-r2\"><\/div><div class=\"swiper-slide-inner\" ><div class=\"swiper-slide-contents\"><div class=\"elementor-slide-heading\">ZM12 BEV<\/div><div class=\"elementor-slide-description\">GVWR 28,000 lbs <br\/>\nPayload 15,000 lbs<\/div><\/div><\/div><\/div>\t\t\t\t<\/div>\n\t\t\t\t\t\t\t<\/div>\n\t\t\t\t<\/div>\n\t\t\t\t\t\t\t\t<\/div>\n\t\t\t\t<\/div>\n\t\t\t\t\t<\/div>\n\t\t<\/div>\n\t\t\t\t\t<\/div>\n\t\t<\/section>\n\t\t\t\t<section class=\"elementor-section elementor-top-section elementor-element elementor-element-3406c97 elementor-menu-anchor elementor-section-boxed elementor-section-height-default elementor-section-height-default\" data-id=\"3406c97\" data-element_type=\"section\" data-settings=\"{&quot;jet_parallax_layout_list&quot;:[],&quot;background_background&quot;:&quot;classic&quot;}\">\n\t\t\t\t\t\t<div class=\"elementor-container elementor-column-gap-default\">\n\t\t\t\t\t<div class=\"elementor-column elementor-col-100 elementor-top-column elementor-element elementor-element-c36cf29\" data-id=\"c36cf29\" data-element_type=\"column\">\n\t\t\t<div class=\"elementor-widget-wrap elementor-element-populated\">\n\t\t\t\t\t\t<div class=\"elementor-element elementor-element-e19bf04 elementor-hidden-desktop elementor-hidden-tablet elementor-hidden-mobile elementor-widget elementor-widget-text-editor\" data-id=\"e19bf04\" data-element_type=\"widget\" data-widget_type=\"text-editor.default\">\n\t\t\t\t<div class=\"elementor-widget-container\">\n\t\t\t\t\t\t\t\t\t<p>GRACIAS POR SU INTER\u00c9S EN ZM TRUCKS. PARA OBTENER M\u00c1S INFORMACI\u00d3N, SELECCIONE EL CONTACTO APROPIADO A CONTINUACI\u00d3N.<\/p>\t\t\t\t\t\t\t\t<\/div>\n\t\t\t\t<\/div>\n\t\t\t\t<section class=\"elementor-section elementor-inner-section elementor-element elementor-element-7c0cd58 elementor-section-boxed elementor-section-height-default elementor-section-height-default\" data-id=\"7c0cd58\" data-element_type=\"section\" data-settings=\"{&quot;jet_parallax_layout_list&quot;:[]}\">\n\t\t\t\t\t\t<div class=\"elementor-container elementor-column-gap-default\">\n\t\t\t\t\t<div class=\"elementor-column elementor-col-100 elementor-inner-column elementor-element elementor-element-0311633\" data-id=\"0311633\" data-element_type=\"column\">\n\t\t\t<div class=\"elementor-widget-wrap elementor-element-populated\">\n\t\t\t\t\t\t<div class=\"elementor-element elementor-element-968fa79 elementor-align-center elementor-widget__width-auto elementor-widget elementor-widget-button\" data-id=\"968fa79\" data-element_type=\"widget\" data-widget_type=\"button.default\">\n\t\t\t\t<div class=\"elementor-widget-container\">\n\t\t\t\t\t\t\t\t\t<div class=\"elementor-button-wrapper\">\n\t\t\t\t\t<a class=\"elementor-button elementor-button-link elementor-size-lg\" href=\"https:\/\/www.zmtrucks.us\/wp-content\/uploads\/2025\/09\/ZM-Trucks-Spec-Sheet-ZM12-Digital-r1.pdf\" target=\"_blank\">\n\t\t\t\t\t\t<span class=\"elementor-button-content-wrapper\">\n\t\t\t\t\t\t\t\t\t<span class=\"elementor-button-text\">Especificaciones y garant\u00eda<\/br>Descargar<\/span>\n\t\t\t\t\t<\/span>\n\t\t\t\t\t<\/a>\n\t\t\t\t<\/div>\n\t\t\t\t\t\t\t\t<\/div>\n\t\t\t\t<\/div>\n\t\t\t\t\t<\/div>\n\t\t<\/div>\n\t\t\t\t\t<\/div>\n\t\t<\/section>\n\t\t\t\t\t<\/div>\n\t\t<\/div>\n\t\t\t\t\t<\/div>\n\t\t<\/section>\n\t\t\t\t<section class=\"elementor-section elementor-top-section elementor-element elementor-element-275586f elementor-menu-anchor elementor-section-boxed elementor-section-height-default elementor-section-height-default\" data-id=\"275586f\" data-element_type=\"section\" data-settings=\"{&quot;jet_parallax_layout_list&quot;:[],&quot;background_background&quot;:&quot;classic&quot;}\">\n\t\t\t\t\t\t\t<div class=\"elementor-background-overlay\"><\/div>\n\t\t\t\t\t\t\t<div class=\"elementor-container elementor-column-gap-default\">\n\t\t\t\t\t<div class=\"elementor-column elementor-col-100 elementor-top-column elementor-element elementor-element-12ffc8d\" data-id=\"12ffc8d\" data-element_type=\"column\">\n\t\t\t<div class=\"elementor-widget-wrap elementor-element-populated\">\n\t\t\t\t\t\t<div class=\"elementor-element elementor-element-24cc502 elementor-widget elementor-widget-heading\" data-id=\"24cc502\" data-element_type=\"widget\" data-widget_type=\"heading.default\">\n\t\t\t\t<div class=\"elementor-widget-container\">\n\t\t\t\t\t<h2 class=\"elementor-heading-title elementor-size-default\">Presupuesto<\/h2>\t\t\t\t<\/div>\n\t\t\t\t<\/div>\n\t\t\t\t<div class=\"elementor-element elementor-element-3e34741 elementor-widget__width-initial elementor-widget elementor-widget-spacer\" data-id=\"3e34741\" data-element_type=\"widget\" data-widget_type=\"spacer.default\">\n\t\t\t\t<div class=\"elementor-widget-container\">\n\t\t\t\t\t\t\t<div class=\"elementor-spacer\">\n\t\t\t<div class=\"elementor-spacer-inner\"><\/div>\n\t\t<\/div>\n\t\t\t\t\t\t<\/div>\n\t\t\t\t<\/div>\n\t\t\t\t<section class=\"elementor-section elementor-inner-section elementor-element elementor-element-46be44b elementor-section-boxed elementor-section-height-default elementor-section-height-default\" data-id=\"46be44b\" data-element_type=\"section\" data-settings=\"{&quot;jet_parallax_layout_list&quot;:[]}\">\n\t\t\t\t\t\t<div class=\"elementor-container elementor-column-gap-default\">\n\t\t\t\t\t<div class=\"elementor-column elementor-col-50 elementor-inner-column elementor-element elementor-element-cb9fa16\" data-id=\"cb9fa16\" data-element_type=\"column\">\n\t\t\t<div class=\"elementor-widget-wrap elementor-element-populated\">\n\t\t\t\t\t\t<div class=\"elementor-element elementor-element-7ae30a0 elementor-widget elementor-widget-heading\" data-id=\"7ae30a0\" data-element_type=\"widget\" data-widget_type=\"heading.default\">\n\t\t\t\t<div class=\"elementor-widget-container\">\n\t\t\t\t\t<h2 class=\"elementor-heading-title elementor-size-default\">PESAS<\/h2>\t\t\t\t<\/div>\n\t\t\t\t<\/div>\n\t\t\t\t<div class=\"elementor-element elementor-element-86da881 elementor-widget elementor-widget-text-editor\" data-id=\"86da881\" data-element_type=\"widget\" data-widget_type=\"text-editor.default\">\n\t\t\t\t<div class=\"elementor-widget-container\">\n\t\t\t\t\t\t\t\t\t<table><tbody><tr><td>\u00a0<\/td><td><span class=\"purple\">Clase 6<\/span><\/td><td><span class=\"purple\">Clase 7<\/span><\/td><\/tr><tr><td><strong>Peso bruto del veh\u00edculo (GVWR)<\/strong><\/td><td>26,000 lbs<\/td><td>28,000 lbs<\/td><\/tr><tr><td><strong>CARGA \u00daTIL<\/strong><\/td><td>13,000 lbs<\/td><td>15,000 lbs<\/td><\/tr><tr><td><strong>EJE TRASERO<\/strong><\/td><td>29,988 libras<\/td><td>\u00a0<\/td><\/tr><tr><td><strong>EJE DELANTERO<\/strong><\/td><td>20,727 libras<\/td><td>\u00a0<\/td><\/tr><tr><td><strong>PESO EN VAC\u00cdO DEL CHASIS (CW)<\/strong><\/td><td>15,215 libras<\/td><td>\u00a0<\/td><\/tr><tr><td><strong>PESO EN VAC\u00cdO DEL CHASIS TRASERO (CWR)<\/strong><\/td><td>6,615 libras<\/td><td>\u00a0<\/td><\/tr><\/tbody><\/table>\t\t\t\t\t\t\t\t<\/div>\n\t\t\t\t<\/div>\n\t\t\t\t<div class=\"elementor-element elementor-element-2473292 elementor-widget elementor-widget-heading\" data-id=\"2473292\" data-element_type=\"widget\" data-widget_type=\"heading.default\">\n\t\t\t\t<div class=\"elementor-widget-container\">\n\t\t\t\t\t<h2 class=\"elementor-heading-title elementor-size-default\">DIMENSIONES<\/h2>\t\t\t\t<\/div>\n\t\t\t\t<\/div>\n\t\t\t\t<div class=\"elementor-element elementor-element-4bab20c elementor-widget elementor-widget-text-editor\" data-id=\"4bab20c\" data-element_type=\"widget\" data-widget_type=\"text-editor.default\">\n\t\t\t\t<div class=\"elementor-widget-container\">\n\t\t\t\t\t\t\t\t\t<table><tbody><tr><td style=\"width: 50% !important;\"><strong>LONGITUD DEL CHASIS\/CABINA<\/strong><\/td><td style=\"width: 50% !important;\">386 pulgadas<\/td><\/tr><tr><td><strong>DISTANCIA ENTRE EJES (WB)<\/strong><\/td><td>213 pulgadas<\/td><\/tr><tr><td><strong>ALTURA (CABINA)<\/strong><\/td><td>144 pulgadas<\/td><\/tr><tr><td><strong>ANCHO (CABINA)<\/strong><\/td><td>98 pulgadas<\/td><\/tr><tr><td><strong>ALTURA (PARTE SUPERIOR DEL MARCO)<\/strong><\/td><td>37 pulgadas<\/td><\/tr><tr><td><strong>ANCHO (CHASIS)<\/strong><\/td><td>34 pulgadas<\/td><\/tr><tr><td><strong>DISTANCIA AL SUELO (PUNTO M\u00c1S BAJO)<\/strong><\/td><td>11 pulgadas<\/td><\/tr><tr><td><strong>C\u00cdRCULO DE GIRO<\/strong><\/td><td>64 pies<\/td><\/tr><\/tbody><\/table>\t\t\t\t\t\t\t\t<\/div>\n\t\t\t\t<\/div>\n\t\t\t\t<div class=\"elementor-element elementor-element-40c2795 elementor-widget elementor-widget-heading\" data-id=\"40c2795\" data-element_type=\"widget\" data-widget_type=\"heading.default\">\n\t\t\t\t<div class=\"elementor-widget-container\">\n\t\t\t\t\t<h2 class=\"elementor-heading-title elementor-size-default\">ACTUACI\u00d3N<\/h2>\t\t\t\t<\/div>\n\t\t\t\t<\/div>\n\t\t\t\t<div class=\"elementor-element elementor-element-0eccb93 elementor-widget elementor-widget-text-editor\" data-id=\"0eccb93\" data-element_type=\"widget\" data-widget_type=\"text-editor.default\">\n\t\t\t\t<div class=\"elementor-widget-container\">\n\t\t\t\t\t\t\t\t\t<table><tbody><tr><td><strong>GAMA (WLTP)<\/strong><\/td><td>240 miles<\/td><td>230 miles<\/td><\/tr><tr><td><strong>VELOCIDAD M\u00c1XIMA<\/strong><\/td><td>75 mph<\/td><\/tr><tr><td><strong>POTENCIA (CONTINUA\/PICO)<\/strong><\/td><td>350 \/ 750 CV<\/td><\/tr><tr><td><strong>PAR (CONTINUO\/PICO)<\/strong><\/td><td>370\/800 libras\/pie<\/td><\/tr><tr><td><strong>UBICACI\u00d3N DEL MOTOR DE TRACCI\u00d3N<\/strong><\/td><td>EJE TRASERO<\/td><\/tr><tr><td><strong>Toma de fuerza electr\u00f3nica #1<\/strong><\/td><td>15 kW<\/td><\/tr><tr><td><strong>Toma de fuerza electr\u00f3nica #2<\/strong><\/td><td>48 kW<\/td><\/tr><\/tbody><\/table>\t\t\t\t\t\t\t\t<\/div>\n\t\t\t\t<\/div>\n\t\t\t\t<div class=\"elementor-element elementor-element-6e953e6 elementor-widget elementor-widget-heading\" data-id=\"6e953e6\" data-element_type=\"widget\" data-widget_type=\"heading.default\">\n\t\t\t\t<div class=\"elementor-widget-container\">\n\t\t\t\t\t<h2 class=\"elementor-heading-title elementor-size-default\">CHASIS<\/h2>\t\t\t\t<\/div>\n\t\t\t\t<\/div>\n\t\t\t\t<div class=\"elementor-element elementor-element-baa2dc6 elementor-widget elementor-widget-text-editor\" data-id=\"baa2dc6\" data-element_type=\"widget\" data-widget_type=\"text-editor.default\">\n\t\t\t\t<div class=\"elementor-widget-container\">\n\t\t\t\t\t\t\t\t\t<table>\n<tbody>\n<tr>\n<td style=\"width: 50% !important;\"><strong>\u00c1NGULO DE APROXIMACI\u00d3N (FRONTAL)<\/strong><\/td>\n<td style=\"width: 50% !important;\">14 grados<\/td>\n<\/tr>\n<tr>\n<td><strong>\u00c1NGULO DE SALIDA (TRASERO)<\/strong><\/td>\n<td>12 grados<\/td>\n<\/tr>\n<tr>\n<td><strong>TIPO DE FRENO (DEL.\/TRA.)<\/strong><\/td>\n<td>DISCO\/DISCO<\/td>\n<\/tr>\n<tr>\n<td><strong>CARACTER\u00cdSTICAS DE SEGURIDAD<\/strong><\/td>\n<td>ABS\/ESC\/TPMS\/PWS<\/td>\n<\/tr>\n<tr>\n<td><strong>CARACTER\u00cdSTICAS ADAS<\/strong><\/td>\n<td>AEB\/LDW\/BSM<\/td>\n<\/tr>\n<tr>\n<td><strong>SUSPENSI\u00d3N DELANTERA<\/strong><\/td>\n<td>HOJA<\/td>\n<\/tr>\n<tr>\n<td><strong>SUSPENSI\u00d3N TRASERA<\/strong><\/td>\n<td>AIRE<\/td>\n<\/tr>\n<tr>\n<td><strong>TAMA\u00d1O DE LOS NEUM\u00c1TICOS<\/strong><\/td>\n<td>295\/80 R22.5<\/td>\n<\/tr>\n<\/tbody>\n<\/table>\t\t\t\t\t\t\t\t<\/div>\n\t\t\t\t<\/div>\n\t\t\t\t\t<\/div>\n\t\t<\/div>\n\t\t\t\t<div class=\"elementor-column elementor-col-50 elementor-inner-column elementor-element elementor-element-1075a4b\" data-id=\"1075a4b\" data-element_type=\"column\">\n\t\t\t<div class=\"elementor-widget-wrap elementor-element-populated\">\n\t\t\t\t\t\t<div class=\"elementor-element elementor-element-a6c4758 elementor-widget elementor-widget-heading\" data-id=\"a6c4758\" data-element_type=\"widget\" data-widget_type=\"heading.default\">\n\t\t\t\t<div class=\"elementor-widget-container\">\n\t\t\t\t\t<h2 class=\"elementor-heading-title elementor-size-default\">ALTO VOLTAJE<\/h2>\t\t\t\t<\/div>\n\t\t\t\t<\/div>\n\t\t\t\t<div class=\"elementor-element elementor-element-2c921e1 elementor-widget elementor-widget-text-editor\" data-id=\"2c921e1\" data-element_type=\"widget\" data-widget_type=\"text-editor.default\">\n\t\t\t\t<div class=\"elementor-widget-container\">\n\t\t\t\t\t\t\t\t\t<table><tbody><tr><td style=\"width: 70%;\"><strong>CAPACIDAD DE LA BATER\u00cdA DE ALTA VELOCIDAD<\/strong><\/td><td style=\"width: 30%;\">302 kWh<\/td><\/tr><tr><td><strong>VOLTAJE DE LA BATER\u00cdA DE ALTA VELOCIDAD<\/strong><\/td><td>600 voltios<\/td><\/tr><tr><td><strong>CARGA DE NIVEL 2 DE CA 20%-100%<\/strong><\/td><td>13 horas a 20 kW<\/td><\/tr><tr><td><strong>CARGA R\u00c1PIDA CC 20%-80%<\/strong><\/td><td>40 min (w\/ dual gun) @ 300 kW<\/td><\/tr><tr><td><strong>UBICACI\u00d3N DE LA BATER\u00cdA DE ALTA VELOCIDAD<\/strong><\/td><td>MARCO INTERIOR<\/td><\/tr><tr><td><strong>CONEXI\u00d3N DE CARGA<\/strong><\/td><td>CCS1<\/td><\/tr><tr><td>\u00a0<\/td><td>\u00a0<\/td><\/tr><tr><td>\u00a0<\/td><td>\u00a0<\/td><\/tr><\/tbody><\/table>\t\t\t\t\t\t\t\t<\/div>\n\t\t\t\t<\/div>\n\t\t\t\t<div class=\"elementor-element elementor-element-fe0d5c2 elementor-widget elementor-widget-heading\" data-id=\"fe0d5c2\" data-element_type=\"widget\" data-widget_type=\"heading.default\">\n\t\t\t\t<div class=\"elementor-widget-container\">\n\t\t\t\t\t<h2 class=\"elementor-heading-title elementor-size-default\">TAXI<\/h2>\t\t\t\t<\/div>\n\t\t\t\t<\/div>\n\t\t\t\t<div class=\"elementor-element elementor-element-489bf44 elementor-widget elementor-widget-text-editor\" data-id=\"489bf44\" data-element_type=\"widget\" data-widget_type=\"text-editor.default\">\n\t\t\t\t<div class=\"elementor-widget-container\">\n\t\t\t\t\t\t\t\t\t<table><tbody><tr><td style=\"width: 70%;\"><strong>NOMINAL DE BAJA TENSI\u00d3N<\/strong><\/td><td style=\"width: 30%;\">24 voltios<\/td><\/tr><tr><td><strong>CAPACIDAD DE CALEFACCI\u00d3N<\/strong><\/td><td>3.000 W<\/td><\/tr><tr><td><strong>CAPACIDAD DE ENFRIAMIENTO<\/strong><\/td><td>4.500 W<\/td><\/tr><tr><td><strong>REFRIGERANTE AC<\/strong><\/td><td>1234YF<\/td><\/tr><tr><td><strong>CONTROL DE CRUCERO<\/strong><\/td><td>ETS<\/td><\/tr><tr><td><strong>ASIENTOS<\/strong><\/td><td>2<\/td><\/tr><tr><td><strong>AJUSTE DEL ASIENTO DEL CONDUCTOR<\/strong><\/td><td>SUSPENDIDO POR AIRE<\/td><\/tr><tr><td><strong>C\u00e1mara de visi\u00f3n trasera<\/strong><\/td><td>ETS<\/td><\/tr><tr><td><strong>ESPEJOS RETROVISORES CALEFACCIONADOS<\/strong><\/td><td>ETS<\/td><\/tr><tr><td><strong>ESPEJOS RETROVISORES AJUSTE EL\u00c9CTRICO<\/strong><\/td><td>ETS<\/td><\/tr><tr><td><strong>FAROS DELANTEROS<\/strong><\/td><td>CONDUJO<\/td><\/tr><tr><td><strong>LUCES EXTERIORES<\/strong><\/td><td>CONDUJO<\/td><\/tr><tr><td><strong>INFOENTRETENIMIENTO<\/strong><\/td><td>AM, FM, DAB+, BLUETOOTH,<br \/>APPLE CARPLAY, ANDROID AUTO<\/td><\/tr><tr><td><strong>TAMA\u00d1O DE LA PANTALLA DEL TABLERO DE CONTROL<\/strong><\/td><td>9 pulgadas<\/td><\/tr><tr><td><strong>TAMA\u00d1O DE LA PANTALLA DE INFOTAINMENT<\/strong><\/td><td>12,3 pulgadas<\/td><\/tr><\/tbody><\/table>\t\t\t\t\t\t\t\t<\/div>\n\t\t\t\t<\/div>\n\t\t\t\t<div class=\"elementor-element elementor-element-56cb4df elementor-widget elementor-widget-heading\" data-id=\"56cb4df\" data-element_type=\"widget\" data-widget_type=\"heading.default\">\n\t\t\t\t<div class=\"elementor-widget-container\">\n\t\t\t\t\t<h2 class=\"elementor-heading-title elementor-size-default\">EQUIPADOR<\/h2>\t\t\t\t<\/div>\n\t\t\t\t<\/div>\n\t\t\t\t<div class=\"elementor-element elementor-element-36d2cde elementor-widget elementor-widget-text-editor\" data-id=\"36d2cde\" data-element_type=\"widget\" data-widget_type=\"text-editor.default\">\n\t\t\t\t<div class=\"elementor-widget-container\">\n\t\t\t\t\t\t\t\t\t<table><tbody><tr><td style=\"width: 80%;\"><strong>EJE DELANTERO A LA PARTE TRASERA DE LA CABINA (AC)<\/strong><\/td><td style=\"width: 20%;\">20 pulgadas<\/td><\/tr><tr><td><strong>PARACHOQUES DELANTERO AL EJE DELANTERO (BA)<\/strong><\/td><td>58 pulgadas<\/td><\/tr><tr><td><strong>PARACHOQUES DELANTERO A LA PARTE TRASERA DE LA CABINA (BBC)<\/strong><\/td><td>87 pulgadas<\/td><\/tr><tr><td><strong>LONGITUD DE LA CAJA DE CARGA (DESDE\/HASTA) (BL)<\/strong><\/td><td>294 pulgadas<\/td><\/tr><tr><td><strong>CABINA AL EJE (CA)<\/strong><\/td><td>184 pulgadas<\/td><\/tr><tr><td><strong>DISTANCIA ENTRE LA CABINA Y LA CARROCER\u00cdA (CB)<\/strong><\/td><td>3 pulgadas<\/td><\/tr><\/tbody><\/table>\t\t\t\t\t\t\t\t<\/div>\n\t\t\t\t<\/div>\n\t\t\t\t\t<\/div>\n\t\t<\/div>\n\t\t\t\t\t<\/div>\n\t\t<\/section>\n\t\t\t\t\t<\/div>\n\t\t<\/div>\n\t\t\t\t\t<\/div>\n\t\t<\/section>\n\t\t\t\t<section class=\"elementor-section elementor-top-section elementor-element elementor-element-cd3c97f elementor-menu-anchor elementor-section-boxed elementor-section-height-default elementor-section-height-default\" data-id=\"cd3c97f\" data-element_type=\"section\" data-settings=\"{&quot;jet_parallax_layout_list&quot;:[],&quot;background_background&quot;:&quot;classic&quot;}\">\n\t\t\t\t\t\t\t<div class=\"elementor-background-overlay\"><\/div>\n\t\t\t\t\t\t\t<div class=\"elementor-container elementor-column-gap-default\">\n\t\t\t\t\t<div class=\"elementor-column elementor-col-100 elementor-top-column elementor-element elementor-element-8a2902e\" data-id=\"8a2902e\" data-element_type=\"column\">\n\t\t\t<div class=\"elementor-widget-wrap elementor-element-populated\">\n\t\t\t\t\t\t<section class=\"elementor-section elementor-inner-section elementor-element elementor-element-fccb6c9 elementor-section-boxed elementor-section-height-default elementor-section-height-default\" data-id=\"fccb6c9\" data-element_type=\"section\" data-settings=\"{&quot;jet_parallax_layout_list&quot;:[]}\">\n\t\t\t\t\t\t<div class=\"elementor-container elementor-column-gap-default\">\n\t\t\t\t\t<div class=\"elementor-column elementor-col-100 elementor-inner-column elementor-element elementor-element-0b4e39b\" data-id=\"0b4e39b\" data-element_type=\"column\">\n\t\t\t<div class=\"elementor-widget-wrap elementor-element-populated\">\n\t\t\t\t\t\t<div class=\"elementor-element elementor-element-3b44bf1 elementor-align-center elementor-widget__width-auto elementor-widget elementor-widget-button\" data-id=\"3b44bf1\" data-element_type=\"widget\" data-widget_type=\"button.default\">\n\t\t\t\t<div class=\"elementor-widget-container\">\n\t\t\t\t\t\t\t\t\t<div class=\"elementor-button-wrapper\">\n\t\t\t\t\t<a class=\"elementor-button elementor-button-link elementor-size-lg\" href=\"\/es\/ubicaciones\/\">\n\t\t\t\t\t\t<span class=\"elementor-button-content-wrapper\">\n\t\t\t\t\t\t\t\t\t<span class=\"elementor-button-text\">Red<\/span>\n\t\t\t\t\t<\/span>\n\t\t\t\t\t<\/a>\n\t\t\t\t<\/div>\n\t\t\t\t\t\t\t\t<\/div>\n\t\t\t\t<\/div>\n\t\t\t\t<div class=\"elementor-element elementor-element-beec9a9 elementor-align-center elementor-widget__width-auto elementor-widget elementor-widget-button\" data-id=\"beec9a9\" data-element_type=\"widget\" data-widget_type=\"button.default\">\n\t\t\t\t<div class=\"elementor-widget-container\">\n\t\t\t\t\t\t\t\t\t<div class=\"elementor-button-wrapper\">\n\t\t\t\t\t<a class=\"elementor-button elementor-button-link elementor-size-lg\" href=\"tel:+18885896878\">\n\t\t\t\t\t\t<span class=\"elementor-button-content-wrapper\">\n\t\t\t\t\t\t\t\t\t<span class=\"elementor-button-text\">Ventas<\/span>\n\t\t\t\t\t<\/span>\n\t\t\t\t\t<\/a>\n\t\t\t\t<\/div>\n\t\t\t\t\t\t\t\t<\/div>\n\t\t\t\t<\/div>\n\t\t\t\t\t<\/div>\n\t\t<\/div>\n\t\t\t\t\t<\/div>\n\t\t<\/section>\n\t\t\t\t\t<\/div>\n\t\t<\/div>\n\t\t\t\t\t<\/div>\n\t\t<\/section>\n\t\t\t\t<\/div>","protected":false},"excerpt":{"rendered":"<p>ZM12 BEVGVWR 28,000 lbs Payload 15,000 lbs THANK YOU FOR YOUR INTEREST IN ZM TRUCKS. FOR MORE INFORMATION, PLEASE SELECT THE APPROPRIATE CONTACT BELOW. Specifications and WarrantyDownload Specifications WEIGHTS \u00a0 Class 6 Class 7 GVWR 26,000 lbs 28,000 lbs PAYLOAD 13,000 lbs 15,000 lbs REAR AXLE 29,988 lbs \u00a0 FRONT AXLE 20,727 lbs \u00a0 CHASSIS [&hellip;]<\/p>","protected":false},"author":10,"featured_media":0,"parent":0,"menu_order":0,"comment_status":"closed","ping_status":"closed","template":"elementor_header_footer","meta":{"footnotes":""},"class_list":["post-2424","page","type-page","status-publish","hentry"],"_links":{"self":[{"href":"https:\/\/www.zmtrucks.us\/es\/wp-json\/wp\/v2\/pages\/2424","targetHints":{"allow":["GET"]}}],"collection":[{"href":"https:\/\/www.zmtrucks.us\/es\/wp-json\/wp\/v2\/pages"}],"about":[{"href":"https:\/\/www.zmtrucks.us\/es\/wp-json\/wp\/v2\/types\/page"}],"author":[{"embeddable":true,"href":"https:\/\/www.zmtrucks.us\/es\/wp-json\/wp\/v2\/users\/10"}],"replies":[{"embeddable":true,"href":"https:\/\/www.zmtrucks.us\/es\/wp-json\/wp\/v2\/comments?post=2424"}],"version-history":[{"count":0,"href":"https:\/\/www.zmtrucks.us\/es\/wp-json\/wp\/v2\/pages\/2424\/revisions"}],"wp:attachment":[{"href":"https:\/\/www.zmtrucks.us\/es\/wp-json\/wp\/v2\/media?parent=2424"}],"curies":[{"name":"wp","href":"https:\/\/api.w.org\/{rel}","templated":true}]}}