{"id":2524,"date":"2025-04-23T20:57:13","date_gmt":"2025-04-23T20:57:13","guid":{"rendered":"https:\/\/www.zmtrucks.us\/?page_id=2524"},"modified":"2025-09-12T20:55:22","modified_gmt":"2025-09-12T20:55:22","slug":"zm37","status":"publish","type":"page","link":"https:\/\/www.zmtrucks.us\/es\/zm37\/","title":{"rendered":"ZM37 BEV"},"content":{"rendered":"<div data-elementor-type=\"wp-page\" data-elementor-id=\"2524\" class=\"elementor elementor-2524\" data-elementor-post-type=\"page\">\n\t\t\t\t\t\t<section class=\"elementor-section elementor-top-section elementor-element elementor-element-1394b71 elementor-menu-anchor elementor-section-boxed elementor-section-height-default elementor-section-height-default\" data-id=\"1394b71\" data-element_type=\"section\" data-settings=\"{&quot;jet_parallax_layout_list&quot;:[],&quot;background_background&quot;:&quot;classic&quot;}\">\n\t\t\t\t\t\t\t<div class=\"elementor-background-overlay\"><\/div>\n\t\t\t\t\t\t\t<div class=\"elementor-container elementor-column-gap-default\">\n\t\t\t\t\t<div class=\"elementor-column elementor-col-100 elementor-top-column elementor-element elementor-element-3923100\" data-id=\"3923100\" data-element_type=\"column\">\n\t\t\t<div class=\"elementor-widget-wrap elementor-element-populated\">\n\t\t\t\t\t\t<div class=\"elementor-element elementor-element-9179307 elementor-arrows-position-outside elementor-pagination-position-outside elementor--h-position-center elementor--v-position-middle elementor-widget elementor-widget-slides\" data-id=\"9179307\" data-element_type=\"widget\" data-settings=\"{&quot;navigation&quot;:&quot;both&quot;,&quot;autoplay&quot;:&quot;yes&quot;,&quot;pause_on_hover&quot;:&quot;yes&quot;,&quot;pause_on_interaction&quot;:&quot;yes&quot;,&quot;autoplay_speed&quot;:5000,&quot;infinite&quot;:&quot;yes&quot;,&quot;transition&quot;:&quot;slide&quot;,&quot;transition_speed&quot;:500}\" data-widget_type=\"slides.default\">\n\t\t\t\t<div class=\"elementor-widget-container\">\n\t\t\t\t\t\t\t\t\t<div class=\"elementor-swiper\">\n\t\t\t\t\t<div class=\"elementor-slides-wrapper elementor-main-swiper swiper\" role=\"region\" aria-roledescription=\"carousel\" aria-label=\"Diapositivas\" dir=\"ltr\" data-animation=\"fadeInUp\">\n\t\t\t\t<div class=\"swiper-wrapper elementor-slides\">\n\t\t\t\t\t\t\t\t\t\t<div class=\"elementor-repeater-item-fe39227 swiper-slide\" role=\"group\" aria-roledescription=\"slide\"><div class=\"swiper-slide-bg\" role=\"img\" aria-label=\"ZM37-edited-800x691\"><\/div><div class=\"swiper-slide-inner\" ><div class=\"swiper-slide-contents\"><div class=\"elementor-slide-heading\">ZM37 BEV<\/div><div class=\"elementor-slide-description\">Peso bruto combinado (GCWR) 82.000 libras <br\/>\nCarga \u00fatil 60.000 libras<\/div><\/div><\/div><\/div>\t\t\t\t<\/div>\n\t\t\t\t\t\t\t<\/div>\n\t\t\t\t<\/div>\n\t\t\t\t\t\t\t\t<\/div>\n\t\t\t\t<\/div>\n\t\t\t\t\t<\/div>\n\t\t<\/div>\n\t\t\t\t\t<\/div>\n\t\t<\/section>\n\t\t\t\t<section class=\"elementor-section elementor-top-section elementor-element elementor-element-3406c97 elementor-menu-anchor elementor-section-boxed elementor-section-height-default elementor-section-height-default\" data-id=\"3406c97\" data-element_type=\"section\" data-settings=\"{&quot;jet_parallax_layout_list&quot;:[],&quot;background_background&quot;:&quot;classic&quot;}\">\n\t\t\t\t\t\t<div class=\"elementor-container elementor-column-gap-default\">\n\t\t\t\t\t<div class=\"elementor-column elementor-col-100 elementor-top-column elementor-element elementor-element-c36cf29\" data-id=\"c36cf29\" data-element_type=\"column\">\n\t\t\t<div class=\"elementor-widget-wrap elementor-element-populated\">\n\t\t\t\t\t\t<div class=\"elementor-element elementor-element-e19bf04 elementor-hidden-desktop elementor-hidden-tablet elementor-hidden-mobile elementor-widget elementor-widget-text-editor\" data-id=\"e19bf04\" data-element_type=\"widget\" data-widget_type=\"text-editor.default\">\n\t\t\t\t<div class=\"elementor-widget-container\">\n\t\t\t\t\t\t\t\t\t<p>GRACIAS POR SU INTER\u00c9S EN ZM TRUCKS. PARA OBTENER M\u00c1S INFORMACI\u00d3N, SELECCIONE EL CONTACTO APROPIADO A CONTINUACI\u00d3N.<\/p>\t\t\t\t\t\t\t\t<\/div>\n\t\t\t\t<\/div>\n\t\t\t\t<section class=\"elementor-section elementor-inner-section elementor-element elementor-element-7c0cd58 elementor-section-boxed elementor-section-height-default elementor-section-height-default\" data-id=\"7c0cd58\" data-element_type=\"section\" data-settings=\"{&quot;jet_parallax_layout_list&quot;:[]}\">\n\t\t\t\t\t\t<div class=\"elementor-container elementor-column-gap-default\">\n\t\t\t\t\t<div class=\"elementor-column elementor-col-100 elementor-inner-column elementor-element elementor-element-0311633\" data-id=\"0311633\" data-element_type=\"column\">\n\t\t\t<div class=\"elementor-widget-wrap elementor-element-populated\">\n\t\t\t\t\t\t<div class=\"elementor-element elementor-element-968fa79 elementor-align-center elementor-widget__width-auto elementor-widget elementor-widget-button\" data-id=\"968fa79\" data-element_type=\"widget\" data-widget_type=\"button.default\">\n\t\t\t\t<div class=\"elementor-widget-container\">\n\t\t\t\t\t\t\t\t\t<div class=\"elementor-button-wrapper\">\n\t\t\t\t\t<a class=\"elementor-button elementor-button-link elementor-size-lg\" href=\"https:\/\/www.zmtrucks.us\/wp-content\/uploads\/2025\/09\/ZM-Trucks-Spec-Sheet-ZM37-BEV-Digital-r2.pdf\" target=\"_blank\">\n\t\t\t\t\t\t<span class=\"elementor-button-content-wrapper\">\n\t\t\t\t\t\t\t\t\t<span class=\"elementor-button-text\">Especificaciones y garant\u00eda<\/br>Descargar<\/span>\n\t\t\t\t\t<\/span>\n\t\t\t\t\t<\/a>\n\t\t\t\t<\/div>\n\t\t\t\t\t\t\t\t<\/div>\n\t\t\t\t<\/div>\n\t\t\t\t\t<\/div>\n\t\t<\/div>\n\t\t\t\t\t<\/div>\n\t\t<\/section>\n\t\t\t\t\t<\/div>\n\t\t<\/div>\n\t\t\t\t\t<\/div>\n\t\t<\/section>\n\t\t\t\t<section class=\"elementor-section elementor-top-section elementor-element elementor-element-275586f elementor-menu-anchor elementor-section-boxed elementor-section-height-default elementor-section-height-default\" data-id=\"275586f\" data-element_type=\"section\" data-settings=\"{&quot;jet_parallax_layout_list&quot;:[],&quot;background_background&quot;:&quot;classic&quot;}\">\n\t\t\t\t\t\t\t<div class=\"elementor-background-overlay\"><\/div>\n\t\t\t\t\t\t\t<div class=\"elementor-container elementor-column-gap-default\">\n\t\t\t\t\t<div class=\"elementor-column elementor-col-100 elementor-top-column elementor-element elementor-element-12ffc8d\" data-id=\"12ffc8d\" data-element_type=\"column\">\n\t\t\t<div class=\"elementor-widget-wrap elementor-element-populated\">\n\t\t\t\t\t\t<div class=\"elementor-element elementor-element-24cc502 elementor-widget elementor-widget-heading\" data-id=\"24cc502\" data-element_type=\"widget\" data-widget_type=\"heading.default\">\n\t\t\t\t<div class=\"elementor-widget-container\">\n\t\t\t\t\t<h2 class=\"elementor-heading-title elementor-size-default\">Presupuesto<\/h2>\t\t\t\t<\/div>\n\t\t\t\t<\/div>\n\t\t\t\t<div class=\"elementor-element elementor-element-3e34741 elementor-widget__width-initial elementor-widget elementor-widget-spacer\" data-id=\"3e34741\" data-element_type=\"widget\" data-widget_type=\"spacer.default\">\n\t\t\t\t<div class=\"elementor-widget-container\">\n\t\t\t\t\t\t\t<div class=\"elementor-spacer\">\n\t\t\t<div class=\"elementor-spacer-inner\"><\/div>\n\t\t<\/div>\n\t\t\t\t\t\t<\/div>\n\t\t\t\t<\/div>\n\t\t\t\t<section class=\"elementor-section elementor-inner-section elementor-element elementor-element-46be44b elementor-section-boxed elementor-section-height-default elementor-section-height-default\" data-id=\"46be44b\" data-element_type=\"section\" data-settings=\"{&quot;jet_parallax_layout_list&quot;:[]}\">\n\t\t\t\t\t\t<div class=\"elementor-container elementor-column-gap-default\">\n\t\t\t\t\t<div class=\"elementor-column elementor-col-50 elementor-inner-column elementor-element elementor-element-cb9fa16\" data-id=\"cb9fa16\" data-element_type=\"column\">\n\t\t\t<div class=\"elementor-widget-wrap elementor-element-populated\">\n\t\t\t\t\t\t<div class=\"elementor-element elementor-element-7ae30a0 elementor-widget elementor-widget-heading\" data-id=\"7ae30a0\" data-element_type=\"widget\" data-widget_type=\"heading.default\">\n\t\t\t\t<div class=\"elementor-widget-container\">\n\t\t\t\t\t<h2 class=\"elementor-heading-title elementor-size-default\">PESAS<\/h2>\t\t\t\t<\/div>\n\t\t\t\t<\/div>\n\t\t\t\t<div class=\"elementor-element elementor-element-86da881 elementor-widget elementor-widget-text-editor\" data-id=\"86da881\" data-element_type=\"widget\" data-widget_type=\"text-editor.default\">\n\t\t\t\t<div class=\"elementor-widget-container\">\n\t\t\t\t\t\t\t\t\t<table>\n<tbody>\n<tr>\n<td><strong>GCWR<\/strong><\/td>\n<td>82.000 libras<\/td>\n<\/tr>\n<tr>\n<td><strong>CARGA \u00daTIL<\/strong><\/td>\n<td>60.000 libras<\/td>\n<\/tr>\n<tr>\n<td><strong>EJES TRASEROS MOTRICES (6X4)<\/strong><\/td>\n<td>70,306 libras<\/td>\n<\/tr>\n<tr>\n<td><strong>EJE DELANTERO<\/strong><\/td>\n<td>14,330 libras<\/td>\n<\/tr>\n<tr>\n<td><strong>PESO EN VAC\u00cdO DEL CHASIS (CW)<\/strong><\/td>\n<td>22.000 libras<\/td>\n<\/tr>\n<\/tbody>\n<\/table>\t\t\t\t\t\t\t\t<\/div>\n\t\t\t\t<\/div>\n\t\t\t\t<div class=\"elementor-element elementor-element-2473292 elementor-widget elementor-widget-heading\" data-id=\"2473292\" data-element_type=\"widget\" data-widget_type=\"heading.default\">\n\t\t\t\t<div class=\"elementor-widget-container\">\n\t\t\t\t\t<h2 class=\"elementor-heading-title elementor-size-default\">DIMENSIONES<\/h2>\t\t\t\t<\/div>\n\t\t\t\t<\/div>\n\t\t\t\t<div class=\"elementor-element elementor-element-4bab20c elementor-widget elementor-widget-text-editor\" data-id=\"4bab20c\" data-element_type=\"widget\" data-widget_type=\"text-editor.default\">\n\t\t\t\t<div class=\"elementor-widget-container\">\n\t\t\t\t\t\t\t\t\t<table><tbody><tr><td style=\"width: 75%;\"><strong>LONGITUD DEL CHASIS\/CABINA<\/strong><\/td><td style=\"width: 25%;\">300 pulgadas<\/td><\/tr><tr><td><strong>DISTANCIA ENTRE EJES (WB)<\/strong><\/td><td>150 pulgadas<\/td><\/tr><tr><td><strong>DISTANCIA ENTRE EJES DEL BOGIE (WB)<\/strong><\/td><td>53 pulgadas<\/td><\/tr><tr><td><strong>ALTURA (CABINA SIN DEFLECTOR)<\/strong><\/td><td>110 pulgadas<\/td><\/tr><tr><td><strong>ALTURA (CABINA CON DEFLECTOR)<\/strong><\/td><td>135 pulgadas<\/td><\/tr><tr><td><strong>ANCHO (CABINA)<\/strong><\/td><td>93 pulgadas<\/td><\/tr><tr><td><strong>ALTURA (PARTE SUPERIOR DEL MARCO)<\/strong><\/td><td>41 pulgadas<\/td><\/tr><tr><td><strong>ANCHO (CHASIS)<\/strong><\/td><td>33 pulgadas<\/td><\/tr><tr><td><strong>DISTANCIA AL SUELO (PUNTO M\u00c1S BAJO)<\/strong><\/td><td>10 pulgadas<\/td><\/tr><tr><td><strong>C\u00cdRCULO DE GIRO<\/strong><\/td><td>28 pies<\/td><\/tr><\/tbody><\/table>\t\t\t\t\t\t\t\t<\/div>\n\t\t\t\t<\/div>\n\t\t\t\t<div class=\"elementor-element elementor-element-40c2795 elementor-widget elementor-widget-heading\" data-id=\"40c2795\" data-element_type=\"widget\" data-widget_type=\"heading.default\">\n\t\t\t\t<div class=\"elementor-widget-container\">\n\t\t\t\t\t<h2 class=\"elementor-heading-title elementor-size-default\">ACTUACI\u00d3N<\/h2>\t\t\t\t<\/div>\n\t\t\t\t<\/div>\n\t\t\t\t<div class=\"elementor-element elementor-element-0eccb93 elementor-widget elementor-widget-text-editor\" data-id=\"0eccb93\" data-element_type=\"widget\" data-widget_type=\"text-editor.default\">\n\t\t\t\t<div class=\"elementor-widget-container\">\n\t\t\t\t\t\t\t\t\t<table><tbody><tr><td style=\"width: 70%;\"><strong>GAMA (WLTP)<\/strong><\/td><td style=\"width: 30%;\">240 miles<\/td><\/tr><tr><td><strong>VELOCIDAD M\u00c1XIMA<\/strong><\/td><td>65 mph<\/td><\/tr><tr><td><strong>POTENCIA (CONTINUA\/PICO)<\/strong><\/td><td>489 \/ 829 CV<\/td><\/tr><tr><td><strong>PAR (CONTINUO\/PICO)<\/strong><\/td><td>480\/1100 libras\/pie<\/td><\/tr><tr><td><strong>UBICACI\u00d3N DEL MOTOR DE TRACCI\u00d3N<\/strong><\/td><td>EN EJES E<\/td><\/tr><\/tbody><\/table>\t\t\t\t\t\t\t\t<\/div>\n\t\t\t\t<\/div>\n\t\t\t\t<div class=\"elementor-element elementor-element-6e953e6 elementor-widget elementor-widget-heading\" data-id=\"6e953e6\" data-element_type=\"widget\" data-widget_type=\"heading.default\">\n\t\t\t\t<div class=\"elementor-widget-container\">\n\t\t\t\t\t<h2 class=\"elementor-heading-title elementor-size-default\">CHASIS<\/h2>\t\t\t\t<\/div>\n\t\t\t\t<\/div>\n\t\t\t\t<div class=\"elementor-element elementor-element-baa2dc6 elementor-widget elementor-widget-text-editor\" data-id=\"baa2dc6\" data-element_type=\"widget\" data-widget_type=\"text-editor.default\">\n\t\t\t\t<div class=\"elementor-widget-container\">\n\t\t\t\t\t\t\t\t\t<table><tbody><tr><td style=\"width: 70%;\"><strong>M\u00c1XIMA GRADABILIDAD<\/strong><\/td><td style=\"width: 30%;\">25%<\/td><\/tr><tr><td><strong>SISTEMA DE FRENOS<\/strong><\/td><td>AIRE<\/td><\/tr><tr><td><strong>TIPO DE FRENO (DEL.\/TRA.)<\/strong><\/td><td>DISCO\/DISCO<\/td><\/tr><tr><td><strong>CARACTER\u00cdSTICAS DE SEGURIDAD<\/strong><\/td><td>ABS\/ESC\/TPMS\/PWS<\/td><\/tr><tr><td><strong>CARACTER\u00cdSTICAS ADAS<\/strong><\/td><td>AEB\/LDW\/BSM<\/td><\/tr><tr><td><strong>SUSPENSI\u00d3N DELANTERA<\/strong><\/td><td>HOJA<\/td><\/tr><tr><td><strong>SUSPENSI\u00d3N TRASERA<\/strong><\/td><td>AIRE<\/td><\/tr><tr><td><strong>TAMA\u00d1O DE LOS NEUM\u00c1TICOS<\/strong><\/td><td>11R22.5<\/td><\/tr><\/tbody><\/table>\t\t\t\t\t\t\t\t<\/div>\n\t\t\t\t<\/div>\n\t\t\t\t\t<\/div>\n\t\t<\/div>\n\t\t\t\t<div class=\"elementor-column elementor-col-50 elementor-inner-column elementor-element elementor-element-1075a4b\" data-id=\"1075a4b\" data-element_type=\"column\">\n\t\t\t<div class=\"elementor-widget-wrap elementor-element-populated\">\n\t\t\t\t\t\t<div class=\"elementor-element elementor-element-a6c4758 elementor-widget elementor-widget-heading\" data-id=\"a6c4758\" data-element_type=\"widget\" data-widget_type=\"heading.default\">\n\t\t\t\t<div class=\"elementor-widget-container\">\n\t\t\t\t\t<h2 class=\"elementor-heading-title elementor-size-default\">ALTO VOLTAJE<\/h2>\t\t\t\t<\/div>\n\t\t\t\t<\/div>\n\t\t\t\t<div class=\"elementor-element elementor-element-2c921e1 elementor-widget elementor-widget-text-editor\" data-id=\"2c921e1\" data-element_type=\"widget\" data-widget_type=\"text-editor.default\">\n\t\t\t\t<div class=\"elementor-widget-container\">\n\t\t\t\t\t\t\t\t\t<table>\n<tbody>\n<tr>\n<td style=\"width: 70%;\"><strong>CAPACIDAD DE LA BATER\u00cdA DE ALTA VELOCIDAD<\/strong><\/td>\n<td style=\"width: 30%;\">513 kWh<\/td>\n<\/tr>\n<tr>\n<td><strong>VOLTAJE DE LA BATER\u00cdA DE ALTA VELOCIDAD<\/strong><\/td>\n<td>600 voltios<\/td>\n<\/tr>\n<tr>\n<td><strong>Carga r\u00e1pida CC 20%-80% a 150 kW<\/strong><\/td>\n<td>108 min (con arma de carga \u00fanica)<\/td>\n<\/tr>\n<tr>\n<td><strong>DC FAST CHARGE 20%-80% @ 300kW<\/strong><\/td>\n<td>60 min (w\/ dual charge gun)<\/td>\n<\/tr>\n<tr>\n<td><strong>UBICACI\u00d3N DE LA BATER\u00cdA DE ALTA VELOCIDAD<\/strong><\/td>\n<td>BAJO MARCO COMPLETO<\/td>\n<\/tr>\n<tr>\n<td><strong>CONEXI\u00d3N DE CARGA<\/strong><\/td>\n<td>CCS1<\/td>\n<\/tr>\n<tr>\n<td>&nbsp;<\/td>\n<td>&nbsp;<\/td>\n<\/tr>\n<tr>\n<td>&nbsp;<\/td>\n<td>&nbsp;<\/td>\n<\/tr>\n<\/tbody>\n<\/table>\t\t\t\t\t\t\t\t<\/div>\n\t\t\t\t<\/div>\n\t\t\t\t<div class=\"elementor-element elementor-element-fe0d5c2 elementor-widget elementor-widget-heading\" data-id=\"fe0d5c2\" data-element_type=\"widget\" data-widget_type=\"heading.default\">\n\t\t\t\t<div class=\"elementor-widget-container\">\n\t\t\t\t\t<h2 class=\"elementor-heading-title elementor-size-default\">TAXI<\/h2>\t\t\t\t<\/div>\n\t\t\t\t<\/div>\n\t\t\t\t<div class=\"elementor-element elementor-element-489bf44 elementor-widget elementor-widget-text-editor\" data-id=\"489bf44\" data-element_type=\"widget\" data-widget_type=\"text-editor.default\">\n\t\t\t\t<div class=\"elementor-widget-container\">\n\t\t\t\t\t\t\t\t\t<table><tbody><tr><td style=\"width: 70%;\"><strong>SUSPENSI\u00d3N<\/strong><\/td><td style=\"width: 30%;\">4 CORNER AIR<\/td><\/tr><tr><td><strong>INCLINACI\u00d3N<\/strong><\/td><td>EL\u00c9CTRICO<\/td><\/tr><tr><td><strong>BAJO VOLTAJE<\/strong><\/td><td>LITIO 24v 20Ah<\/td><\/tr><tr><td><strong>CAPACIDAD DE CALEFACCI\u00d3N<\/strong><\/td><td>7 kW<\/td><\/tr><tr><td><strong>CAPACIDAD DE ENFRIAMIENTO<\/strong><\/td><td>8 kW<\/td><\/tr><tr><td><strong>REFRIGERANTE AC<\/strong><\/td><td>R134A<\/td><\/tr><tr><td><strong>CONTROL DE CRUCERO<\/strong><\/td><td>ETS<\/td><\/tr><tr><td><strong>ASIENTOS<\/strong><\/td><td>2<\/td><\/tr><tr><td><strong>AJUSTE DEL ASIENTO DEL CONDUCTOR<\/strong><\/td><td>SUSPENSI\u00d3N NEUM\u00c1TICA DE 4 V\u00cdAS<\/td><\/tr><tr><td><strong>C\u00e1mara de visi\u00f3n trasera<\/strong><\/td><td>ETS<\/td><\/tr><tr><td><strong>ESPEJOS RETROVISORES CALEFACCIONADOS<\/strong><\/td><td>ETS<\/td><\/tr><tr><td><strong>ESPEJOS RETROVISORES AJUSTE EL\u00c9CTRICO<\/strong><\/td><td>ETS<\/td><\/tr><tr><td><strong>FAROS DELANTEROS<\/strong><\/td><td>CONDUJO<\/td><\/tr><tr><td><strong>LUCES EXTERIORES<\/strong><\/td><td>CONDUJO<\/td><\/tr><tr><td><strong>INFOENTRETENIMIENTO<\/strong><\/td><td>AM, FM, BLUETOOTH<\/td><\/tr><tr><td><strong>TAMA\u00d1O DE LA PANTALLA DEL TABLERO DE CONTROL<\/strong><\/td><td>12,3 pulgadas<\/td><\/tr><tr><td><strong>TAMA\u00d1O DE LA PANTALLA DE INFOTAINMENT<\/strong><\/td><td>12,3 pulgadas<\/td><\/tr><\/tbody><\/table>\t\t\t\t\t\t\t\t<\/div>\n\t\t\t\t<\/div>\n\t\t\t\t\t<\/div>\n\t\t<\/div>\n\t\t\t\t\t<\/div>\n\t\t<\/section>\n\t\t\t\t\t<\/div>\n\t\t<\/div>\n\t\t\t\t\t<\/div>\n\t\t<\/section>\n\t\t\t\t<section class=\"elementor-section elementor-top-section elementor-element elementor-element-cd3c97f elementor-menu-anchor elementor-section-boxed elementor-section-height-default elementor-section-height-default\" data-id=\"cd3c97f\" data-element_type=\"section\" data-settings=\"{&quot;jet_parallax_layout_list&quot;:[],&quot;background_background&quot;:&quot;classic&quot;}\">\n\t\t\t\t\t\t\t<div class=\"elementor-background-overlay\"><\/div>\n\t\t\t\t\t\t\t<div class=\"elementor-container elementor-column-gap-default\">\n\t\t\t\t\t<div class=\"elementor-column elementor-col-100 elementor-top-column elementor-element elementor-element-8a2902e\" data-id=\"8a2902e\" data-element_type=\"column\">\n\t\t\t<div class=\"elementor-widget-wrap elementor-element-populated\">\n\t\t\t\t\t\t<section class=\"elementor-section elementor-inner-section elementor-element elementor-element-fccb6c9 elementor-section-boxed elementor-section-height-default elementor-section-height-default\" data-id=\"fccb6c9\" data-element_type=\"section\" data-settings=\"{&quot;jet_parallax_layout_list&quot;:[]}\">\n\t\t\t\t\t\t<div class=\"elementor-container elementor-column-gap-default\">\n\t\t\t\t\t<div class=\"elementor-column elementor-col-100 elementor-inner-column elementor-element elementor-element-0b4e39b\" data-id=\"0b4e39b\" data-element_type=\"column\">\n\t\t\t<div class=\"elementor-widget-wrap elementor-element-populated\">\n\t\t\t\t\t\t<div class=\"elementor-element elementor-element-3b44bf1 elementor-align-center elementor-widget__width-auto elementor-widget elementor-widget-button\" data-id=\"3b44bf1\" data-element_type=\"widget\" data-widget_type=\"button.default\">\n\t\t\t\t<div class=\"elementor-widget-container\">\n\t\t\t\t\t\t\t\t\t<div class=\"elementor-button-wrapper\">\n\t\t\t\t\t<a class=\"elementor-button elementor-button-link elementor-size-lg\" href=\"\/es\/ubicaciones\/\">\n\t\t\t\t\t\t<span class=\"elementor-button-content-wrapper\">\n\t\t\t\t\t\t\t\t\t<span class=\"elementor-button-text\">Red<\/span>\n\t\t\t\t\t<\/span>\n\t\t\t\t\t<\/a>\n\t\t\t\t<\/div>\n\t\t\t\t\t\t\t\t<\/div>\n\t\t\t\t<\/div>\n\t\t\t\t<div class=\"elementor-element elementor-element-beec9a9 elementor-align-center elementor-widget__width-auto elementor-widget elementor-widget-button\" data-id=\"beec9a9\" data-element_type=\"widget\" data-widget_type=\"button.default\">\n\t\t\t\t<div class=\"elementor-widget-container\">\n\t\t\t\t\t\t\t\t\t<div class=\"elementor-button-wrapper\">\n\t\t\t\t\t<a class=\"elementor-button elementor-button-link elementor-size-lg\" href=\"tel:+18885896878\">\n\t\t\t\t\t\t<span class=\"elementor-button-content-wrapper\">\n\t\t\t\t\t\t\t\t\t<span class=\"elementor-button-text\">Ventas<\/span>\n\t\t\t\t\t<\/span>\n\t\t\t\t\t<\/a>\n\t\t\t\t<\/div>\n\t\t\t\t\t\t\t\t<\/div>\n\t\t\t\t<\/div>\n\t\t\t\t\t<\/div>\n\t\t<\/div>\n\t\t\t\t\t<\/div>\n\t\t<\/section>\n\t\t\t\t\t<\/div>\n\t\t<\/div>\n\t\t\t\t\t<\/div>\n\t\t<\/section>\n\t\t\t\t<\/div>","protected":false},"excerpt":{"rendered":"<p>ZM37 BEVGCWR 82,000 lbs Payload 60,000 lbs THANK YOU FOR YOUR INTEREST IN ZM TRUCKS. FOR MORE INFORMATION, PLEASE SELECT THE APPROPRIATE CONTACT BELOW. Specifications and WarrantyDownload Specifications WEIGHTS GCWR 82,000 lbs PAYLOAD 60,000 lbs DRIVEN REAR AXLES (6X4) 70,306 lbs FRONT AXLE 14,330 lbs CHASSIS CURB WEIGHT (CW) 22,000 lbs DIMENSIONS CHASSIS\/CAB LENGTH 300 [&hellip;]<\/p>","protected":false},"author":10,"featured_media":0,"parent":0,"menu_order":0,"comment_status":"closed","ping_status":"closed","template":"elementor_header_footer","meta":{"footnotes":""},"class_list":["post-2524","page","type-page","status-publish","hentry"],"_links":{"self":[{"href":"https:\/\/www.zmtrucks.us\/es\/wp-json\/wp\/v2\/pages\/2524","targetHints":{"allow":["GET"]}}],"collection":[{"href":"https:\/\/www.zmtrucks.us\/es\/wp-json\/wp\/v2\/pages"}],"about":[{"href":"https:\/\/www.zmtrucks.us\/es\/wp-json\/wp\/v2\/types\/page"}],"author":[{"embeddable":true,"href":"https:\/\/www.zmtrucks.us\/es\/wp-json\/wp\/v2\/users\/10"}],"replies":[{"embeddable":true,"href":"https:\/\/www.zmtrucks.us\/es\/wp-json\/wp\/v2\/comments?post=2524"}],"version-history":[{"count":0,"href":"https:\/\/www.zmtrucks.us\/es\/wp-json\/wp\/v2\/pages\/2524\/revisions"}],"wp:attachment":[{"href":"https:\/\/www.zmtrucks.us\/es\/wp-json\/wp\/v2\/media?parent=2524"}],"curies":[{"name":"wp","href":"https:\/\/api.w.org\/{rel}","templated":true}]}}